{"id":3379,"date":"2022-08-03T12:28:57","date_gmt":"2022-08-03T15:28:57","guid":{"rendered":"https:\/\/projetos.ricardoivanov.com.br\/tektech\/?post_type=product&#038;p=3379"},"modified":"2023-09-28T16:47:28","modified_gmt":"2023-09-28T19:47:28","slug":"mouse-gamer-usb-rgb-exbom-ms-62","status":"publish","type":"product","link":"https:\/\/projetos.ricardoivanov.com.br\/tektech\/produto\/mouse-gamer-usb-rgb-exbom-ms-62\/","title":{"rendered":"Mouse Gamer Usb RGB Exbom &#8211; MS-62"},"content":{"rendered":"<p>\u2013 Tecnologia \u00f3ptica de alta defini\u00e7\u00e3o<br \/>\n\u2013 Resolu\u00e7\u00e3o do sensor: 1200 dpi<br \/>\n\u2013 Luz de LED 7 cores com transi\u00e7\u00e3o de cores<br \/>\n\u2013 Comprimento do cabo 150cm<br \/>\n\u2013 Plug and play<br \/>\n\u2013 Equipamento compat\u00edvel para computadores, PC ou notebook<br \/>\n\u2013 Conex\u00e3o USB<\/p>\n<p>Peso do produto: \u200e300 g<br \/>\nDimens\u00f5es do produto: \u200e4 x 10 x 15 cm<\/p>\n","protected":false},"excerpt":{"rendered":"<p>\u2013 Tecnologia \u00f3ptica de alta defini\u00e7\u00e3o \u2013 Resolu\u00e7\u00e3o do sensor: 1200 dpi \u2013 Luz de LED 7 cores com transi\u00e7\u00e3o de cores \u2013 Comprimento do cabo 150cm \u2013 Plug and play \u2013 Equipamento compat\u00edvel para computadores, PC ou notebook \u2013 Conex\u00e3o USB Peso do produto: \u200e300 g Dimens\u00f5es do produto: \u200e4 x 10 x 15 [&hellip;]<\/p>\n","protected":false},"featured_media":3380,"comment_status":"open","ping_status":"closed","template":"","meta":[],"product_brand":[],"product_cat":[21],"product_tag":[198,139],"class_list":{"0":"post-3379","1":"product","2":"type-product","3":"status-publish","4":"has-post-thumbnail","6":"product_cat-para-pc","7":"product_tag-rgb","8":"product_tag-usb","10":"first","11":"instock","12":"shipping-taxable","13":"purchasable","14":"product-type-simple"},"_links":{"self":[{"href":"https:\/\/projetos.ricardoivanov.com.br\/tektech\/wp-json\/wp\/v2\/product\/3379","targetHints":{"allow":["GET"]}}],"collection":[{"href":"https:\/\/projetos.ricardoivanov.com.br\/tektech\/wp-json\/wp\/v2\/product"}],"about":[{"href":"https:\/\/projetos.ricardoivanov.com.br\/tektech\/wp-json\/wp\/v2\/types\/product"}],"replies":[{"embeddable":true,"href":"https:\/\/projetos.ricardoivanov.com.br\/tektech\/wp-json\/wp\/v2\/comments?post=3379"}],"wp:featuredmedia":[{"embeddable":true,"href":"https:\/\/projetos.ricardoivanov.com.br\/tektech\/wp-json\/wp\/v2\/media\/3380"}],"wp:attachment":[{"href":"https:\/\/projetos.ricardoivanov.com.br\/tektech\/wp-json\/wp\/v2\/media?parent=3379"}],"wp:term":[{"taxonomy":"product_brand","embeddable":true,"href":"https:\/\/projetos.ricardoivanov.com.br\/tektech\/wp-json\/wp\/v2\/product_brand?post=3379"},{"taxonomy":"product_cat","embeddable":true,"href":"https:\/\/projetos.ricardoivanov.com.br\/tektech\/wp-json\/wp\/v2\/product_cat?post=3379"},{"taxonomy":"product_tag","embeddable":true,"href":"https:\/\/projetos.ricardoivanov.com.br\/tektech\/wp-json\/wp\/v2\/product_tag?post=3379"}],"curies":[{"name":"wp","href":"https:\/\/api.w.org\/{rel}","templated":true}]}}