{"id":3282,"date":"2022-07-10T16:19:40","date_gmt":"2022-07-10T19:19:40","guid":{"rendered":"https:\/\/projetos.ricardoivanov.com.br\/tektech\/?post_type=product&#038;p=3282"},"modified":"2022-07-10T16:19:41","modified_gmt":"2022-07-10T19:19:41","slug":"caixa-de-som-speaker-usb-rgb-kapbom-ka-1010","status":"publish","type":"product","link":"https:\/\/projetos.ricardoivanov.com.br\/tektech\/produto\/caixa-de-som-speaker-usb-rgb-kapbom-ka-1010\/","title":{"rendered":"Caixa de Som Speaker Usb RGB Kapbom KA-1010"},"content":{"rendered":"<p><strong>Especifica\u00e7\u00f5es:<\/strong><\/p>\n<ul>\n<li>Modelo: KA-1010<\/li>\n<li>Entrada: USB 5V\/0.5 ~ 1.0A<\/li>\n<li>Sa\u00edda (RMS): 6W<\/li>\n<li>Imped\u00e2ncia: 4 Ohms<\/li>\n<li>Resposta de frequ\u00eancia: 40 Hz ~18 KHz<\/li>\n<li>Sinal de ru\u00eddos: 85 dB<\/li>\n<li>Plug: 3.5mm P2 + USB<\/li>\n<li>Comprimento dos cabos: 130 cm.<\/li>\n<\/ul>\n<p>&nbsp;<\/p>\n<figure class=\"image\"><img decoding=\"async\" class=\"aligncenter\" style=\"width: 300px;\" src=\"https:\/\/projetos.ricardoivanov.com.br\/tektech\/wp-content\/uploads\/2022\/07\/7dias-garantia.jpg\" \/><\/figure>\n","protected":false},"excerpt":{"rendered":"<p>Especifica\u00e7\u00f5es: Modelo: KA-1010 Entrada: USB 5V\/0.5 ~ 1.0A Sa\u00edda (RMS): 6W Imped\u00e2ncia: 4 Ohms Resposta de frequ\u00eancia: 40 Hz ~18 KHz Sinal de ru\u00eddos: 85 dB Plug: 3.5mm P2 + USB Comprimento dos cabos: 130 cm. &nbsp;<\/p>\n","protected":false},"featured_media":3283,"comment_status":"open","ping_status":"closed","template":"","meta":[],"product_brand":[],"product_cat":[21,31],"product_tag":[],"class_list":{"0":"post-3282","1":"product","2":"type-product","3":"status-publish","4":"has-post-thumbnail","6":"product_cat-para-pc","7":"product_cat-speakers","9":"first","10":"instock","11":"shipping-taxable","12":"purchasable","13":"product-type-simple"},"_links":{"self":[{"href":"https:\/\/projetos.ricardoivanov.com.br\/tektech\/wp-json\/wp\/v2\/product\/3282","targetHints":{"allow":["GET"]}}],"collection":[{"href":"https:\/\/projetos.ricardoivanov.com.br\/tektech\/wp-json\/wp\/v2\/product"}],"about":[{"href":"https:\/\/projetos.ricardoivanov.com.br\/tektech\/wp-json\/wp\/v2\/types\/product"}],"replies":[{"embeddable":true,"href":"https:\/\/projetos.ricardoivanov.com.br\/tektech\/wp-json\/wp\/v2\/comments?post=3282"}],"wp:featuredmedia":[{"embeddable":true,"href":"https:\/\/projetos.ricardoivanov.com.br\/tektech\/wp-json\/wp\/v2\/media\/3283"}],"wp:attachment":[{"href":"https:\/\/projetos.ricardoivanov.com.br\/tektech\/wp-json\/wp\/v2\/media?parent=3282"}],"wp:term":[{"taxonomy":"product_brand","embeddable":true,"href":"https:\/\/projetos.ricardoivanov.com.br\/tektech\/wp-json\/wp\/v2\/product_brand?post=3282"},{"taxonomy":"product_cat","embeddable":true,"href":"https:\/\/projetos.ricardoivanov.com.br\/tektech\/wp-json\/wp\/v2\/product_cat?post=3282"},{"taxonomy":"product_tag","embeddable":true,"href":"https:\/\/projetos.ricardoivanov.com.br\/tektech\/wp-json\/wp\/v2\/product_tag?post=3282"}],"curies":[{"name":"wp","href":"https:\/\/api.w.org\/{rel}","templated":true}]}}