{"id":3262,"date":"2022-07-10T15:14:15","date_gmt":"2022-07-10T18:14:15","guid":{"rendered":"https:\/\/projetos.ricardoivanov.com.br\/tektech\/?post_type=product&#038;p=3262"},"modified":"2022-07-10T15:14:16","modified_gmt":"2022-07-10T18:14:16","slug":"carregador-duplo-usb-2-4a-com-cabo-v8-micro-usb-kaidi-kd-81s","status":"publish","type":"product","link":"https:\/\/projetos.ricardoivanov.com.br\/tektech\/produto\/carregador-duplo-usb-2-4a-com-cabo-v8-micro-usb-kaidi-kd-81s\/","title":{"rendered":"Carregador Duplo Usb 2.4A com Cabo V8 Micro Usb Kaidi KD-81S"},"content":{"rendered":"<p><strong>Descri\u00e7\u00e3o<\/strong><\/p>\n<p>Com este produto \u00e9 poss\u00edvel ter mais facilidade para carregar mais de um dispositivo simultaneamente como: Celular, Tablet, Caixinhas de som, Rel\u00f3gios Smart, Game port\u00e1til e v\u00e1rios outros.<\/p>\n<p>Mais refinado e mais seguro, pois possui m\u00faltiplos circuitos, fus\u00edvel embutido que protege tanto o produto como os seus equipamentos.<\/p>\n<p>Este carregador r\u00e1pido lhe oferecer\u00e1 a praticidade de carregar seu celular e mais dois aparelhos usb.<\/p>\n<p>Para isso basta plugar o adaptador em uma tomada 110v ou 220v e pronto.<\/p>\n<p>Possui o cabo com entrada micro USB e mais duas portas USB dispon\u00edveis de carregamento r\u00e1pido, que carregam ao mesmo tempo.<\/p>\n<p>Pode ser transportado facilmente na mochila ou bolsa no seu dia a dia.<\/p>\n<p>Cor: Preto<\/p>\n<p>&nbsp;<\/p>\n<p><strong>Informa\u00e7\u00f5es t\u00e9cnicas<\/strong><\/p>\n<ul>\n<li>Entrada: ac 100 240 V (Bivolt) 50 60 Hz M\u00e1x. 0,5A<\/li>\n<li>Sa\u00edda: dc 5V = 1000mA(Max)<\/li>\n<li>Quantidades de Portas usb: 2<\/li>\n<li>Marca: Kaidi<\/li>\n<li>Tamanho do Cabo: 1,50 Metros<\/li>\n<li>Compat\u00edvel com todos Smartphone ou aparelhos com entrada micro usb<\/li>\n<\/ul>\n<p>&nbsp;<\/p>\n<p><strong>Itens inclusos<\/strong><\/p>\n<ul>\n<li>01 X Carregador de Parede com 2 Portas Usb + Cabo micro USB 1,50m<\/li>\n<\/ul>\n<p>&nbsp;<\/p>\n<p>&nbsp;<\/p>\n<figure class=\"image\"><img decoding=\"async\" class=\"aligncenter\" style=\"width: 300px;\" src=\"https:\/\/projetos.ricardoivanov.com.br\/tektech\/wp-content\/uploads\/2022\/07\/7dias-garantia.jpg\" \/><\/figure>\n","protected":false},"excerpt":{"rendered":"<p>Descri\u00e7\u00e3o Com este produto \u00e9 poss\u00edvel ter mais facilidade para carregar mais de um dispositivo simultaneamente como: Celular, Tablet, Caixinhas de som, Rel\u00f3gios Smart, Game port\u00e1til e v\u00e1rios outros. Mais refinado e mais seguro, pois possui m\u00faltiplos circuitos, fus\u00edvel embutido que protege tanto o produto como os seus equipamentos. Este carregador r\u00e1pido lhe oferecer\u00e1 a [&hellip;]<\/p>\n","protected":false},"featured_media":3263,"comment_status":"open","ping_status":"closed","template":"","meta":[],"product_brand":[],"product_cat":[26],"product_tag":[181],"class_list":{"0":"post-3262","1":"product","2":"type-product","3":"status-publish","4":"has-post-thumbnail","6":"product_cat-mobile","7":"product_tag-com-fio","9":"first","10":"instock","11":"shipping-taxable","12":"purchasable","13":"product-type-simple"},"_links":{"self":[{"href":"https:\/\/projetos.ricardoivanov.com.br\/tektech\/wp-json\/wp\/v2\/product\/3262","targetHints":{"allow":["GET"]}}],"collection":[{"href":"https:\/\/projetos.ricardoivanov.com.br\/tektech\/wp-json\/wp\/v2\/product"}],"about":[{"href":"https:\/\/projetos.ricardoivanov.com.br\/tektech\/wp-json\/wp\/v2\/types\/product"}],"replies":[{"embeddable":true,"href":"https:\/\/projetos.ricardoivanov.com.br\/tektech\/wp-json\/wp\/v2\/comments?post=3262"}],"wp:featuredmedia":[{"embeddable":true,"href":"https:\/\/projetos.ricardoivanov.com.br\/tektech\/wp-json\/wp\/v2\/media\/3263"}],"wp:attachment":[{"href":"https:\/\/projetos.ricardoivanov.com.br\/tektech\/wp-json\/wp\/v2\/media?parent=3262"}],"wp:term":[{"taxonomy":"product_brand","embeddable":true,"href":"https:\/\/projetos.ricardoivanov.com.br\/tektech\/wp-json\/wp\/v2\/product_brand?post=3262"},{"taxonomy":"product_cat","embeddable":true,"href":"https:\/\/projetos.ricardoivanov.com.br\/tektech\/wp-json\/wp\/v2\/product_cat?post=3262"},{"taxonomy":"product_tag","embeddable":true,"href":"https:\/\/projetos.ricardoivanov.com.br\/tektech\/wp-json\/wp\/v2\/product_tag?post=3262"}],"curies":[{"name":"wp","href":"https:\/\/api.w.org\/{rel}","templated":true}]}}