{"id":3257,"date":"2022-07-10T14:45:58","date_gmt":"2022-07-10T17:45:58","guid":{"rendered":"https:\/\/projetos.ricardoivanov.com.br\/tektech\/?post_type=product&#038;p=3257"},"modified":"2022-07-10T14:45:59","modified_gmt":"2022-07-10T17:45:59","slug":"kit-teclado-e-mouse-gamer-sem-fio-verde-jp-t1000","status":"publish","type":"product","link":"https:\/\/projetos.ricardoivanov.com.br\/tektech\/produto\/kit-teclado-e-mouse-gamer-sem-fio-verde-jp-t1000\/","title":{"rendered":"Kit Teclado e Mouse Gamer Sem Fio Verde JP-T1000"},"content":{"rendered":"<p><strong>Especifica\u00e7\u00f5es:<\/strong><\/p>\n<div class=\"sc-jRQBWg idUzab sc-fKeRlk iRKOqW\" data-testid=\"product-detail-description\">\n<div>&#8211; 104 teclas semi-mec\u00e2nicas.<\/div>\n<div><\/div>\n<div>&#8211; Padr\u00e3o: ABNT2.<\/div>\n<div><\/div>\n<div>&#8211; Plug Wireless Usb 2.0<\/div>\n<div><\/div>\n<div>&#8211;\u00a0 Frequ\u00eancia do Wireless: 2.4Ghz.<\/div>\n<div><\/div>\n<div>&#8211; Resolu\u00e7\u00e3o (mouse): 800 \/ 1200 \/ 1600 Dpi.<\/div>\n<div><\/div>\n<div>&#8211; Alcance do mouse: aproximadamente 10m.<\/div>\n<div><\/div>\n<div>&#8211; Compatibilidade: Windows\u00ae 11\/10\/8\/7 e Mac OS.<\/div>\n<div><\/div>\n<div>&#8211; Alimenta\u00e7\u00e3o do teclado: 2 pilhas AAA (n\u00e3o inclusas).<\/div>\n<div><\/div>\n<div>&#8211; Alimenta\u00e7\u00e3o do mouse: 2 pilhas AAA (n\u00e3o inclusas).<\/div>\n<\/div>\n<div><\/div>\n<div>&#8211; Tamanho (aprox): 459 (L) x 175 (A) x 33mm (P).<\/div>\n<div><\/div>\n<div>&#8211; Peso (aprox): 745g.<\/div>\n<p>&nbsp;<\/p>\n<figure class=\"image\"><img decoding=\"async\" class=\"aligncenter\" style=\"width: 300px;\" src=\"https:\/\/projetos.ricardoivanov.com.br\/tektech\/wp-content\/uploads\/2022\/07\/7dias-garantia.jpg\" \/><\/figure>\n","protected":false},"excerpt":{"rendered":"<p>Especifica\u00e7\u00f5es: &#8211; 104 teclas semi-mec\u00e2nicas. &#8211; Padr\u00e3o: ABNT2. &#8211; Plug Wireless Usb 2.0 &#8211;\u00a0 Frequ\u00eancia do Wireless: 2.4Ghz. &#8211; Resolu\u00e7\u00e3o (mouse): 800 \/ 1200 \/ 1600 Dpi. &#8211; Alcance do mouse: aproximadamente 10m. &#8211; Compatibilidade: Windows\u00ae 11\/10\/8\/7 e Mac OS. &#8211; Alimenta\u00e7\u00e3o do teclado: 2 pilhas AAA (n\u00e3o inclusas). &#8211; Alimenta\u00e7\u00e3o do mouse: 2 pilhas [&hellip;]<\/p>\n","protected":false},"featured_media":3258,"comment_status":"open","ping_status":"closed","template":"","meta":[],"product_brand":[],"product_cat":[178,21],"product_tag":[194],"class_list":{"0":"post-3257","1":"product","2":"type-product","3":"status-publish","4":"has-post-thumbnail","6":"product_cat-kits-para-gamers","7":"product_cat-para-pc","8":"product_tag-sem-fio","10":"first","11":"instock","12":"shipping-taxable","13":"purchasable","14":"product-type-simple"},"_links":{"self":[{"href":"https:\/\/projetos.ricardoivanov.com.br\/tektech\/wp-json\/wp\/v2\/product\/3257","targetHints":{"allow":["GET"]}}],"collection":[{"href":"https:\/\/projetos.ricardoivanov.com.br\/tektech\/wp-json\/wp\/v2\/product"}],"about":[{"href":"https:\/\/projetos.ricardoivanov.com.br\/tektech\/wp-json\/wp\/v2\/types\/product"}],"replies":[{"embeddable":true,"href":"https:\/\/projetos.ricardoivanov.com.br\/tektech\/wp-json\/wp\/v2\/comments?post=3257"}],"wp:featuredmedia":[{"embeddable":true,"href":"https:\/\/projetos.ricardoivanov.com.br\/tektech\/wp-json\/wp\/v2\/media\/3258"}],"wp:attachment":[{"href":"https:\/\/projetos.ricardoivanov.com.br\/tektech\/wp-json\/wp\/v2\/media?parent=3257"}],"wp:term":[{"taxonomy":"product_brand","embeddable":true,"href":"https:\/\/projetos.ricardoivanov.com.br\/tektech\/wp-json\/wp\/v2\/product_brand?post=3257"},{"taxonomy":"product_cat","embeddable":true,"href":"https:\/\/projetos.ricardoivanov.com.br\/tektech\/wp-json\/wp\/v2\/product_cat?post=3257"},{"taxonomy":"product_tag","embeddable":true,"href":"https:\/\/projetos.ricardoivanov.com.br\/tektech\/wp-json\/wp\/v2\/product_tag?post=3257"}],"curies":[{"name":"wp","href":"https:\/\/api.w.org\/{rel}","templated":true}]}}