{"id":3251,"date":"2022-07-10T13:10:31","date_gmt":"2022-07-10T16:10:31","guid":{"rendered":"https:\/\/projetos.ricardoivanov.com.br\/tektech\/?post_type=product&#038;p=3251"},"modified":"2025-12-12T13:59:00","modified_gmt":"2025-12-12T16:59:00","slug":"kit-teclado-semi-mecanico-e-mouse-gamer-rgb-exbom-bk-g3000","status":"publish","type":"product","link":"https:\/\/projetos.ricardoivanov.com.br\/tektech\/produto\/kit-teclado-semi-mecanico-e-mouse-gamer-rgb-exbom-bk-g3000\/","title":{"rendered":"Kit Teclado Semi Mec\u00e2nico e Mouse RGB Exbom BK-G3000"},"content":{"rendered":"<p>O Kit Gamer BK-G3000 foi especialmente desenvolvido para jogos online devido ao seu design arrojado e refor\u00e7ado. Esse combo \u00e9 composto por um teclado semi mec\u00e2nico com acabamento em metal, teclas macias, material refor\u00e7ado de \u00f3tima qualidade e um mouse \u00f3ptico gamer com fio refor\u00e7ado em tecido tran\u00e7ado e com ajuste de DPI. Ambos possuem LED colorido para facilitar a visibilidade das teclas no escuro, permitindo executar todos os comandos sem perder o foco. Com o Kit Gamer voc\u00ea ficar\u00e1 super preparado para as adversidades durante as partidas!<\/p>\n<p><strong>Especifica\u00e7\u00f5es t\u00e9cnicas<\/strong><\/p>\n<p><strong>Teclado<\/strong><\/p>\n<ul>\n<li>Teclas plunger, macias e silenciosas<\/li>\n<li>Acabamento em metal<\/li>\n<li>Padr\u00e3o: ABNT 1<\/li>\n<li>Ilumina\u00e7\u00e3o de LED colorida (ajust\u00e1vel)<\/li>\n<li>Design ergon\u00f4mico e com p\u00e9s de apoio<\/li>\n<li>Conex\u00e3o: USB<\/li>\n<li>Compat\u00edvel com: Windows 2000\/ XP \/ Vista \/ 7 \/ 8 e 10<\/li>\n<li>Voltagem: 5V\/DC +- 0.5V<\/li>\n<li>Corrente: 350 mA<\/li>\n<li>Comprimento aproximado do cabo: 150 cm<\/li>\n<\/ul>\n<p>&nbsp;<\/p>\n<p><strong>Mouse<\/strong><\/p>\n<ul>\n<li>Ajuste DPI: 800\/1200\/1600\/2400\/3200<\/li>\n<li>Conex\u00e3o: USB<\/li>\n<li>Cabo refor\u00e7ado que evita quebras<\/li>\n<li>Ilumina\u00e7\u00e3o de LED<\/li>\n<li>Design que favorece destros e canhotos<\/li>\n<li>Plug and Play (n\u00e3o necessita de instala\u00e7\u00e3o)<\/li>\n<li>Comprimento aproximado do cabo: 138 cm<\/li>\n<\/ul>\n<p>&nbsp;<\/p>\n<figure class=\"image\"><img decoding=\"async\" class=\"aligncenter\" style=\"width: 300px;\" src=\"https:\/\/projetos.ricardoivanov.com.br\/tektech\/wp-content\/uploads\/2022\/07\/7dias-garantia.jpg\" \/><\/figure>\n","protected":false},"excerpt":{"rendered":"<p>O Kit Gamer BK-G3000 foi especialmente desenvolvido para jogos online devido ao seu design arrojado e refor\u00e7ado. Esse combo \u00e9 composto por um teclado semi mec\u00e2nico com acabamento em metal, teclas macias, material refor\u00e7ado de \u00f3tima qualidade e um mouse \u00f3ptico gamer com fio refor\u00e7ado em tecido tran\u00e7ado e com ajuste de DPI. Ambos possuem [&hellip;]<\/p>\n","protected":false},"featured_media":3252,"comment_status":"open","ping_status":"closed","template":"","meta":[],"product_brand":[],"product_cat":[178,21],"product_tag":[181,186,139],"class_list":{"0":"post-3251","1":"product","2":"type-product","3":"status-publish","4":"has-post-thumbnail","6":"product_cat-kits-para-gamers","7":"product_cat-para-pc","8":"product_tag-com-fio","9":"product_tag-gamer","10":"product_tag-usb","12":"first","13":"instock","14":"shipping-taxable","15":"purchasable","16":"product-type-simple"},"_links":{"self":[{"href":"https:\/\/projetos.ricardoivanov.com.br\/tektech\/wp-json\/wp\/v2\/product\/3251","targetHints":{"allow":["GET"]}}],"collection":[{"href":"https:\/\/projetos.ricardoivanov.com.br\/tektech\/wp-json\/wp\/v2\/product"}],"about":[{"href":"https:\/\/projetos.ricardoivanov.com.br\/tektech\/wp-json\/wp\/v2\/types\/product"}],"replies":[{"embeddable":true,"href":"https:\/\/projetos.ricardoivanov.com.br\/tektech\/wp-json\/wp\/v2\/comments?post=3251"}],"wp:featuredmedia":[{"embeddable":true,"href":"https:\/\/projetos.ricardoivanov.com.br\/tektech\/wp-json\/wp\/v2\/media\/3252"}],"wp:attachment":[{"href":"https:\/\/projetos.ricardoivanov.com.br\/tektech\/wp-json\/wp\/v2\/media?parent=3251"}],"wp:term":[{"taxonomy":"product_brand","embeddable":true,"href":"https:\/\/projetos.ricardoivanov.com.br\/tektech\/wp-json\/wp\/v2\/product_brand?post=3251"},{"taxonomy":"product_cat","embeddable":true,"href":"https:\/\/projetos.ricardoivanov.com.br\/tektech\/wp-json\/wp\/v2\/product_cat?post=3251"},{"taxonomy":"product_tag","embeddable":true,"href":"https:\/\/projetos.ricardoivanov.com.br\/tektech\/wp-json\/wp\/v2\/product_tag?post=3251"}],"curies":[{"name":"wp","href":"https:\/\/api.w.org\/{rel}","templated":true}]}}