{"id":3244,"date":"2022-07-10T12:48:50","date_gmt":"2022-07-10T15:48:50","guid":{"rendered":"https:\/\/projetos.ricardoivanov.com.br\/tektech\/?post_type=product&#038;p=3244"},"modified":"2022-07-10T12:53:56","modified_gmt":"2022-07-10T15:53:56","slug":"kit-teclado-e-mouse-gamer-com-fio-usb-e-led-rgb-kapbom-ka-688","status":"publish","type":"product","link":"https:\/\/projetos.ricardoivanov.com.br\/tektech\/produto\/kit-teclado-e-mouse-gamer-com-fio-usb-e-led-rgb-kapbom-ka-688\/","title":{"rendered":"Kit Teclado e Mouse Gamer com Fio RGB KAPBOM KA-688"},"content":{"rendered":"<p><strong>Especifica\u00e7\u00f5es<\/strong>:<\/p>\n<p>&#8211; Teclado para jogos iluminado.<\/p>\n<p>&#8211; \u00c0 prova d&#8217;\u00e1gua.<\/p>\n<p>&#8211; Ilumina\u00e7\u00e3o RGB .<\/p>\n<p>&#8211; Teclado confort\u00e1vel, anti-crit e luz de ressalto.<\/p>\n<p>&#8211; Base Antiderrapante<\/p>\n<p>&#8211; USB<\/p>\n<p>&#8211; Cabo de 1,5 metros.<\/p>\n<p>&#8211; Suporte para mais sistemas operacionais: (Win 7\/8\/10\/11\/ MAC).<\/p>\n<p>&#8211; Mouse Gamer com 4 bot\u00f5es e leds RGB.<\/p>\n<p>&#8211; Mouse de alta sensibilidade e conforto, motor \u00f3ptico de alta precis\u00e3o de 800-2400 dpi.<\/p>\n<p>&nbsp;<\/p>\n<figure class=\"image\"><img decoding=\"async\" class=\"aligncenter\" style=\"width: 300px;\" src=\"https:\/\/projetos.ricardoivanov.com.br\/tektech\/wp-content\/uploads\/2022\/07\/7dias-garantia.jpg\" \/><\/figure>\n","protected":false},"excerpt":{"rendered":"<p>Especifica\u00e7\u00f5es: &#8211; Teclado para jogos iluminado. &#8211; \u00c0 prova d&#8217;\u00e1gua. &#8211; Ilumina\u00e7\u00e3o RGB . &#8211; Teclado confort\u00e1vel, anti-crit e luz de ressalto. &#8211; Base Antiderrapante &#8211; USB &#8211; Cabo de 1,5 metros. &#8211; Suporte para mais sistemas operacionais: (Win 7\/8\/10\/11\/ MAC). &#8211; Mouse Gamer com 4 bot\u00f5es e leds RGB. &#8211; Mouse de alta sensibilidade [&hellip;]<\/p>\n","protected":false},"featured_media":3245,"comment_status":"open","ping_status":"closed","template":"","meta":[],"product_brand":[],"product_cat":[178,21],"product_tag":[],"class_list":{"0":"post-3244","1":"product","2":"type-product","3":"status-publish","4":"has-post-thumbnail","6":"product_cat-kits-para-gamers","7":"product_cat-para-pc","9":"first","10":"instock","11":"shipping-taxable","12":"purchasable","13":"product-type-simple"},"_links":{"self":[{"href":"https:\/\/projetos.ricardoivanov.com.br\/tektech\/wp-json\/wp\/v2\/product\/3244","targetHints":{"allow":["GET"]}}],"collection":[{"href":"https:\/\/projetos.ricardoivanov.com.br\/tektech\/wp-json\/wp\/v2\/product"}],"about":[{"href":"https:\/\/projetos.ricardoivanov.com.br\/tektech\/wp-json\/wp\/v2\/types\/product"}],"replies":[{"embeddable":true,"href":"https:\/\/projetos.ricardoivanov.com.br\/tektech\/wp-json\/wp\/v2\/comments?post=3244"}],"wp:featuredmedia":[{"embeddable":true,"href":"https:\/\/projetos.ricardoivanov.com.br\/tektech\/wp-json\/wp\/v2\/media\/3245"}],"wp:attachment":[{"href":"https:\/\/projetos.ricardoivanov.com.br\/tektech\/wp-json\/wp\/v2\/media?parent=3244"}],"wp:term":[{"taxonomy":"product_brand","embeddable":true,"href":"https:\/\/projetos.ricardoivanov.com.br\/tektech\/wp-json\/wp\/v2\/product_brand?post=3244"},{"taxonomy":"product_cat","embeddable":true,"href":"https:\/\/projetos.ricardoivanov.com.br\/tektech\/wp-json\/wp\/v2\/product_cat?post=3244"},{"taxonomy":"product_tag","embeddable":true,"href":"https:\/\/projetos.ricardoivanov.com.br\/tektech\/wp-json\/wp\/v2\/product_tag?post=3244"}],"curies":[{"name":"wp","href":"https:\/\/api.w.org\/{rel}","templated":true}]}}