{"id":3234,"date":"2022-07-10T11:16:59","date_gmt":"2022-07-10T14:16:59","guid":{"rendered":"https:\/\/projetos.ricardoivanov.com.br\/tektech\/?post_type=product&#038;p=3234"},"modified":"2022-07-10T11:17:00","modified_gmt":"2022-07-10T14:17:00","slug":"kit-teclado-e-mouse-gamer-sem-fio-verde-jp-t2000","status":"publish","type":"product","link":"https:\/\/projetos.ricardoivanov.com.br\/tektech\/produto\/kit-teclado-e-mouse-gamer-sem-fio-verde-jp-t2000\/","title":{"rendered":"Kit Teclado e Mouse Gamer Sem Fio Verde &#8211; JP-T2000"},"content":{"rendered":"<p><strong>Especifica\u00e7\u00f5es:\u00a0<\/strong><\/p>\n<p>&#8211; Alimenta\u00e7\u00e3o do teclado: 2 pilhas AAA (n\u00e3o inclusas).<\/p>\n<p>&#8211; Alimenta\u00e7\u00e3o do mouse: 1 pilha AA (n\u00e3o inclusa).<\/p>\n<p>&#8211; Padr\u00e3o: ABNT1.<\/p>\n<p>&#8211; Teclado de chocolate ( as teclas s\u00e3o individuais e separadas, al\u00e9m de possuir um perfil menor).<\/p>\n<p>&nbsp;<\/p>\n<figure class=\"image\"><img decoding=\"async\" class=\"aligncenter\" style=\"width: 300px;\" src=\"https:\/\/projetos.ricardoivanov.com.br\/tektech\/wp-content\/uploads\/2022\/07\/7dias-garantia.jpg\" \/><\/figure>\n","protected":false},"excerpt":{"rendered":"<p>Especifica\u00e7\u00f5es:\u00a0 &#8211; Alimenta\u00e7\u00e3o do teclado: 2 pilhas AAA (n\u00e3o inclusas). &#8211; Alimenta\u00e7\u00e3o do mouse: 1 pilha AA (n\u00e3o inclusa). &#8211; Padr\u00e3o: ABNT1. &#8211; Teclado de chocolate ( as teclas s\u00e3o individuais e separadas, al\u00e9m de possuir um perfil menor). &nbsp;<\/p>\n","protected":false},"featured_media":3235,"comment_status":"open","ping_status":"closed","template":"","meta":[],"product_brand":[],"product_cat":[178,21],"product_tag":[],"class_list":{"0":"post-3234","1":"product","2":"type-product","3":"status-publish","4":"has-post-thumbnail","6":"product_cat-kits-para-gamers","7":"product_cat-para-pc","9":"first","10":"instock","11":"shipping-taxable","12":"purchasable","13":"product-type-simple"},"_links":{"self":[{"href":"https:\/\/projetos.ricardoivanov.com.br\/tektech\/wp-json\/wp\/v2\/product\/3234","targetHints":{"allow":["GET"]}}],"collection":[{"href":"https:\/\/projetos.ricardoivanov.com.br\/tektech\/wp-json\/wp\/v2\/product"}],"about":[{"href":"https:\/\/projetos.ricardoivanov.com.br\/tektech\/wp-json\/wp\/v2\/types\/product"}],"replies":[{"embeddable":true,"href":"https:\/\/projetos.ricardoivanov.com.br\/tektech\/wp-json\/wp\/v2\/comments?post=3234"}],"wp:featuredmedia":[{"embeddable":true,"href":"https:\/\/projetos.ricardoivanov.com.br\/tektech\/wp-json\/wp\/v2\/media\/3235"}],"wp:attachment":[{"href":"https:\/\/projetos.ricardoivanov.com.br\/tektech\/wp-json\/wp\/v2\/media?parent=3234"}],"wp:term":[{"taxonomy":"product_brand","embeddable":true,"href":"https:\/\/projetos.ricardoivanov.com.br\/tektech\/wp-json\/wp\/v2\/product_brand?post=3234"},{"taxonomy":"product_cat","embeddable":true,"href":"https:\/\/projetos.ricardoivanov.com.br\/tektech\/wp-json\/wp\/v2\/product_cat?post=3234"},{"taxonomy":"product_tag","embeddable":true,"href":"https:\/\/projetos.ricardoivanov.com.br\/tektech\/wp-json\/wp\/v2\/product_tag?post=3234"}],"curies":[{"name":"wp","href":"https:\/\/api.w.org\/{rel}","templated":true}]}}