{"id":3229,"date":"2022-07-09T15:50:05","date_gmt":"2022-07-09T18:50:05","guid":{"rendered":"https:\/\/projetos.ricardoivanov.com.br\/tektech\/?post_type=product&#038;p=3229"},"modified":"2022-08-15T17:30:23","modified_gmt":"2022-08-15T20:30:23","slug":"teclado-gamer-usb-multimidia-led-3-cores-abnt2-exbom-bk-g35","status":"publish","type":"product","link":"https:\/\/projetos.ricardoivanov.com.br\/tektech\/produto\/teclado-gamer-usb-multimidia-led-3-cores-abnt2-exbom-bk-g35\/","title":{"rendered":"Teclado Gamer USB Multim\u00eddia LED 3 Cores ABNT2 Exbom &#8211; BK-G35"},"content":{"rendered":"<p><iframe title=\"Teclado Gamer USB com LED Modelo BK G35\" src=\"https:\/\/www.youtube.com\/embed\/t46SrfCfDO0\" width=\"1280\" height=\"720\" frameborder=\"0\" allowfullscreen=\"allowfullscreen\"><\/iframe><\/p>\n<p>&nbsp;<\/p>\n<p>O teclado BK-G35 \u00e9 indicado para jogadores que apreciam design moderno aliado \u00e0 praticidade.<\/p>\n<p>O seu estilo arrojado e ao mesmo tempo robusto faz com que o jogador tenha um equipamento \u00e0 altura dos desafios que ir\u00e1 encontrar em seus jogos.<\/p>\n<p>O teclado tem o peso necess\u00e1rio para que, durante o jogo, ele n\u00e3o se mova involuntariamente. O seu tamanho tamb\u00e9m garante que o jogador possa usar ambas as m\u00e3os, se for o caso, e ainda assim, consiga executar os comandos de teclado tranquilamente.<\/p>\n<p>Possui pontas de drenagem que evitam danos ocasionados por l\u00edquidos e teclas arredondadas que aumentam o conforto durante o uso.<\/p>\n<p>A ilumina\u00e7\u00e3o do teclado \u00e9 um espet\u00e1culo \u00e0 parte, pois est\u00e1 nas teclas, nas laterais, e nas bordas superiores e inferiores e voc\u00ea pode escolher entre as cores vermelha, azul ou roxa. Em ambientes escuros, o teclado garante a visibilidade e proporciona uma linda combina\u00e7\u00e3o de cores.<\/p>\n<p><strong>Especifica\u00e7\u00f5es t\u00e9cnicas<\/strong><\/p>\n<ul>\n<li>Conex\u00e3o: USB<\/li>\n<li>Compat\u00edvel com Windows XP, Vista, 7 e 8, 10, 11 e Linux<\/li>\n<li>10 teclas de atalhos para acesso multim\u00eddia<\/li>\n<li>Ilumina\u00e7\u00e3o de fundo nas cores azul, vermelho e roxo.<\/li>\n<li>Apoio para os pulsos para maior conforto durante os jogos<\/li>\n<li>Dimens\u00e3o aproximadas do cabo: 1,5 m<\/li>\n<\/ul>\n<p>&nbsp;<\/p>\n<figure class=\"image\"><img decoding=\"async\" class=\"aligncenter\" style=\"width: 300px;\" src=\"https:\/\/projetos.ricardoivanov.com.br\/tektech\/wp-content\/uploads\/2022\/07\/7dias-garantia.jpg\" \/><\/figure>\n","protected":false},"excerpt":{"rendered":"<p>&nbsp; O teclado BK-G35 \u00e9 indicado para jogadores que apreciam design moderno aliado \u00e0 praticidade. O seu estilo arrojado e ao mesmo tempo robusto faz com que o jogador tenha um equipamento \u00e0 altura dos desafios que ir\u00e1 encontrar em seus jogos. O teclado tem o peso necess\u00e1rio para que, durante o jogo, ele n\u00e3o [&hellip;]<\/p>\n","protected":false},"featured_media":3230,"comment_status":"open","ping_status":"closed","template":"","meta":[],"product_brand":[],"product_cat":[21],"product_tag":[181],"class_list":{"0":"post-3229","1":"product","2":"type-product","3":"status-publish","4":"has-post-thumbnail","6":"product_cat-para-pc","7":"product_tag-com-fio","9":"first","10":"instock","11":"shipping-taxable","12":"purchasable","13":"product-type-simple"},"_links":{"self":[{"href":"https:\/\/projetos.ricardoivanov.com.br\/tektech\/wp-json\/wp\/v2\/product\/3229","targetHints":{"allow":["GET"]}}],"collection":[{"href":"https:\/\/projetos.ricardoivanov.com.br\/tektech\/wp-json\/wp\/v2\/product"}],"about":[{"href":"https:\/\/projetos.ricardoivanov.com.br\/tektech\/wp-json\/wp\/v2\/types\/product"}],"replies":[{"embeddable":true,"href":"https:\/\/projetos.ricardoivanov.com.br\/tektech\/wp-json\/wp\/v2\/comments?post=3229"}],"wp:featuredmedia":[{"embeddable":true,"href":"https:\/\/projetos.ricardoivanov.com.br\/tektech\/wp-json\/wp\/v2\/media\/3230"}],"wp:attachment":[{"href":"https:\/\/projetos.ricardoivanov.com.br\/tektech\/wp-json\/wp\/v2\/media?parent=3229"}],"wp:term":[{"taxonomy":"product_brand","embeddable":true,"href":"https:\/\/projetos.ricardoivanov.com.br\/tektech\/wp-json\/wp\/v2\/product_brand?post=3229"},{"taxonomy":"product_cat","embeddable":true,"href":"https:\/\/projetos.ricardoivanov.com.br\/tektech\/wp-json\/wp\/v2\/product_cat?post=3229"},{"taxonomy":"product_tag","embeddable":true,"href":"https:\/\/projetos.ricardoivanov.com.br\/tektech\/wp-json\/wp\/v2\/product_tag?post=3229"}],"curies":[{"name":"wp","href":"https:\/\/api.w.org\/{rel}","templated":true}]}}