{"id":3217,"date":"2022-07-09T14:58:22","date_gmt":"2022-07-09T17:58:22","guid":{"rendered":"https:\/\/projetos.ricardoivanov.com.br\/tektech\/?post_type=product&#038;p=3217"},"modified":"2022-07-09T14:59:24","modified_gmt":"2022-07-09T17:59:24","slug":"mouse-gamer-usb-rgb-7-botoes-knup-kp-v4","status":"publish","type":"product","link":"https:\/\/projetos.ricardoivanov.com.br\/tektech\/produto\/mouse-gamer-usb-rgb-7-botoes-knup-kp-v4\/","title":{"rendered":"Mouse Gamer USB RGB 7 Bot\u00f5es Knup &#8211; KP-V4"},"content":{"rendered":"<p>Resolu\u00e7\u00e3o: 1200\/1600\/2400 DPI<\/p>\n<p>Interface: USB 2.0<\/p>\n<p>7 Bot\u00f5es<\/p>\n<p>Vida do Bot\u00e3o: 3.000.000<\/p>\n<p>Sa\u00edda: 5V 100mA<\/p>\n<p>Tamanho do Cabo: 1.5m<\/p>\n<p>IPS: 37ips<\/p>\n<p>LED: 7 cores<\/p>\n<p>Compat\u00edvel com: Windows XP \/ Vista \/ 7 \/ 8 ou MAC 10.5.1 e mais recente<\/p>\n<p>Dimens\u00f5es aprox. do produto: 125 x 73 x 40 mm<\/p>\n<p>&nbsp;<\/p>\n<figure class=\"image\"><img decoding=\"async\" class=\"aligncenter\" style=\"width: 300px;\" src=\"https:\/\/projetos.ricardoivanov.com.br\/tektech\/wp-content\/uploads\/2022\/07\/7dias-garantia.jpg\" \/><\/figure>\n","protected":false},"excerpt":{"rendered":"<p>Resolu\u00e7\u00e3o: 1200\/1600\/2400 DPI Interface: USB 2.0 7 Bot\u00f5es Vida do Bot\u00e3o: 3.000.000 Sa\u00edda: 5V 100mA Tamanho do Cabo: 1.5m IPS: 37ips LED: 7 cores Compat\u00edvel com: Windows XP \/ Vista \/ 7 \/ 8 ou MAC 10.5.1 e mais recente Dimens\u00f5es aprox. do produto: 125 x 73 x 40 mm &nbsp;<\/p>\n","protected":false},"featured_media":3219,"comment_status":"open","ping_status":"closed","template":"","meta":[],"product_brand":[],"product_cat":[21],"product_tag":[181],"class_list":{"0":"post-3217","1":"product","2":"type-product","3":"status-publish","4":"has-post-thumbnail","6":"product_cat-para-pc","7":"product_tag-com-fio","9":"first","10":"instock","11":"shipping-taxable","12":"purchasable","13":"product-type-simple"},"_links":{"self":[{"href":"https:\/\/projetos.ricardoivanov.com.br\/tektech\/wp-json\/wp\/v2\/product\/3217","targetHints":{"allow":["GET"]}}],"collection":[{"href":"https:\/\/projetos.ricardoivanov.com.br\/tektech\/wp-json\/wp\/v2\/product"}],"about":[{"href":"https:\/\/projetos.ricardoivanov.com.br\/tektech\/wp-json\/wp\/v2\/types\/product"}],"replies":[{"embeddable":true,"href":"https:\/\/projetos.ricardoivanov.com.br\/tektech\/wp-json\/wp\/v2\/comments?post=3217"}],"wp:featuredmedia":[{"embeddable":true,"href":"https:\/\/projetos.ricardoivanov.com.br\/tektech\/wp-json\/wp\/v2\/media\/3219"}],"wp:attachment":[{"href":"https:\/\/projetos.ricardoivanov.com.br\/tektech\/wp-json\/wp\/v2\/media?parent=3217"}],"wp:term":[{"taxonomy":"product_brand","embeddable":true,"href":"https:\/\/projetos.ricardoivanov.com.br\/tektech\/wp-json\/wp\/v2\/product_brand?post=3217"},{"taxonomy":"product_cat","embeddable":true,"href":"https:\/\/projetos.ricardoivanov.com.br\/tektech\/wp-json\/wp\/v2\/product_cat?post=3217"},{"taxonomy":"product_tag","embeddable":true,"href":"https:\/\/projetos.ricardoivanov.com.br\/tektech\/wp-json\/wp\/v2\/product_tag?post=3217"}],"curies":[{"name":"wp","href":"https:\/\/api.w.org\/{rel}","templated":true}]}}