{"id":3204,"date":"2022-07-09T14:21:48","date_gmt":"2022-07-09T17:21:48","guid":{"rendered":"https:\/\/projetos.ricardoivanov.com.br\/tektech\/?post_type=product&#038;p=3204"},"modified":"2022-07-09T14:29:34","modified_gmt":"2022-07-09T17:29:34","slug":"mouse-gamer-usb-rgb-xbom-xtreme-03250-ms-g260","status":"publish","type":"product","link":"https:\/\/projetos.ricardoivanov.com.br\/tektech\/produto\/mouse-gamer-usb-rgb-xbom-xtreme-03250-ms-g260\/","title":{"rendered":"Mouse Gamer USB RGB Xbom Xtreme 03250 &#8211; MS-G260"},"content":{"rendered":"<p>O mouse gamer multim\u00eddia foi adaptado para trazer todo conforto e qualidade para voc\u00ea!<br \/>\nConta com DPI ajust\u00e1vel, chegando em at\u00e9 3200! Al\u00e9m disso, possui bot\u00e3o de rolamento para facilitar a navega\u00e7\u00e3o e precis\u00e3o \u00f3tica, garantindo movimentos r\u00e1pidos.<\/p>\n<p>Seu formato ergon\u00f4mico oferece total conforto em suas horas de jogos, permitindo que a sua m\u00e3o se encaixe perfeitamente. E projetado com peso interno para otimizar seu desempenho em jogos.<\/p>\n<p>Al\u00e9m disso, seu design alucinante conta com 3 cores diferentes de LED.<br \/>\nD\u00ea um upgrade no seu equipamento!<\/p>\n<p><strong>Especifica\u00e7\u00f5es:<\/strong><\/p>\n<p>&#8211; Sensor: \u00d3ptico<br \/>\n&#8211; Bot\u00e3o para Troca de DPI &#8220;On-The-Fly&#8221; 1200-1600-2400-3200 com retro ilumina\u00e7\u00e3o LED (3 Cores)<br \/>\n&#8211; Backlite LED: 3 cores<br \/>\n&#8211; Ambidestro: N\u00e3o<br \/>\n&#8211; Peso interno extra<br \/>\n&#8211; Conex\u00e3o: USB<br \/>\n&#8211; Cabo com filtro 1,40 metros cabo nylon tran\u00e7ada<br \/>\n&#8211; Dimens\u00f5es: 125x85x40mm<br \/>\n&#8211; Quantidade de Bot\u00f5es: 7<br \/>\n&#8211; Switches com classifica\u00e7\u00e3o de resist\u00eancia: 50 milh\u00f5es de cliques<br \/>\n&#8211; Bot\u00e3o de disparo r\u00e1pido<br \/>\n&#8211; Material: Pl\u00e1stico ABS<br \/>\n&#8211; Cor: Preto<br \/>\n&#8211; P\u00e9s de TEFLON dur\u00e1veis para movimentos suaves e precisos<br \/>\n&#8211; Compatibilidade: Win XP\/Vista\/7\/8\/10\/11, OSX e Linux<br \/>\n&#8211; Requerimentos de Hardware: Sistemas compat\u00edveis com porta USB<br \/>\n&#8211; Requisito de energia porta: USB-A<br \/>\n&#8211; Bot\u00e3o: Rolagem de toque bidirecional (para cima\/para baixo\/Avan\u00e7a\/Retroceder)<br \/>\n&#8211; Fun\u00e7\u00f5es avan\u00e7ar e retornar p\u00e1gina<\/p>\n<p>&nbsp;<\/p>\n<figure class=\"image\"><img decoding=\"async\" class=\"aligncenter\" style=\"width: 300px;\" src=\"https:\/\/projetos.ricardoivanov.com.br\/tektech\/wp-content\/uploads\/2022\/07\/7dias-garantia.jpg\" \/><\/figure>\n","protected":false},"excerpt":{"rendered":"<p>O mouse gamer multim\u00eddia foi adaptado para trazer todo conforto e qualidade para voc\u00ea! Conta com DPI ajust\u00e1vel, chegando em at\u00e9 3200! Al\u00e9m disso, possui bot\u00e3o de rolamento para facilitar a navega\u00e7\u00e3o e precis\u00e3o \u00f3tica, garantindo movimentos r\u00e1pidos. Seu formato ergon\u00f4mico oferece total conforto em suas horas de jogos, permitindo que a sua m\u00e3o se [&hellip;]<\/p>\n","protected":false},"featured_media":3205,"comment_status":"open","ping_status":"closed","template":"","meta":[],"product_brand":[],"product_cat":[21],"product_tag":[181,76],"class_list":{"0":"post-3204","1":"product","2":"type-product","3":"status-publish","4":"has-post-thumbnail","6":"product_cat-para-pc","7":"product_tag-com-fio","8":"product_tag-led","10":"first","11":"instock","12":"shipping-taxable","13":"purchasable","14":"product-type-simple"},"_links":{"self":[{"href":"https:\/\/projetos.ricardoivanov.com.br\/tektech\/wp-json\/wp\/v2\/product\/3204","targetHints":{"allow":["GET"]}}],"collection":[{"href":"https:\/\/projetos.ricardoivanov.com.br\/tektech\/wp-json\/wp\/v2\/product"}],"about":[{"href":"https:\/\/projetos.ricardoivanov.com.br\/tektech\/wp-json\/wp\/v2\/types\/product"}],"replies":[{"embeddable":true,"href":"https:\/\/projetos.ricardoivanov.com.br\/tektech\/wp-json\/wp\/v2\/comments?post=3204"}],"wp:featuredmedia":[{"embeddable":true,"href":"https:\/\/projetos.ricardoivanov.com.br\/tektech\/wp-json\/wp\/v2\/media\/3205"}],"wp:attachment":[{"href":"https:\/\/projetos.ricardoivanov.com.br\/tektech\/wp-json\/wp\/v2\/media?parent=3204"}],"wp:term":[{"taxonomy":"product_brand","embeddable":true,"href":"https:\/\/projetos.ricardoivanov.com.br\/tektech\/wp-json\/wp\/v2\/product_brand?post=3204"},{"taxonomy":"product_cat","embeddable":true,"href":"https:\/\/projetos.ricardoivanov.com.br\/tektech\/wp-json\/wp\/v2\/product_cat?post=3204"},{"taxonomy":"product_tag","embeddable":true,"href":"https:\/\/projetos.ricardoivanov.com.br\/tektech\/wp-json\/wp\/v2\/product_tag?post=3204"}],"curies":[{"name":"wp","href":"https:\/\/api.w.org\/{rel}","templated":true}]}}