{"id":3200,"date":"2022-07-08T16:57:43","date_gmt":"2022-07-08T19:57:43","guid":{"rendered":"https:\/\/projetos.ricardoivanov.com.br\/tektech\/?post_type=product&#038;p=3200"},"modified":"2022-07-08T16:57:45","modified_gmt":"2022-07-08T19:57:45","slug":"fone-de-ouvido-bluetooth-5-0-durawell-xz-b097","status":"publish","type":"product","link":"https:\/\/projetos.ricardoivanov.com.br\/tektech\/produto\/fone-de-ouvido-bluetooth-5-0-durawell-xz-b097\/","title":{"rendered":"Fone De Ouvido Bluetooth 5.0 &#8211; Durawell XZ-B097"},"content":{"rendered":"<p><strong>Especifica\u00e7\u00f5es:<\/strong><\/p>\n<p>&#8211; Tempo de liga\u00e7\u00f5es: cerca de 4h.<\/p>\n<p>&#8211; Tempo de recarga: cerca de 1-2h.<\/p>\n<p>&#8211; Tempo de inatividade: cerca de 65h.<\/p>\n<p>&#8211; Bateria: bateria de litio 3.7V.<\/p>\n<p>&#8211; Alcance de transmiss\u00e3o: 10M.<\/p>\n<p>&#8211; Pot\u00eancia de transmiss\u00e3o: 2.4GHz.<\/p>\n<p>&#8211; Tens\u00e3o de recarga: DC 5V.<\/p>\n<p>&nbsp;<\/p>\n<figure class=\"image\"><img decoding=\"async\" class=\"aligncenter\" style=\"width: 300px;\" src=\"https:\/\/projetos.ricardoivanov.com.br\/tektech\/wp-content\/uploads\/2022\/07\/7dias-garantia.jpg\" \/><\/figure>\n","protected":false},"excerpt":{"rendered":"<p>Especifica\u00e7\u00f5es: &#8211; Tempo de liga\u00e7\u00f5es: cerca de 4h. &#8211; Tempo de recarga: cerca de 1-2h. &#8211; Tempo de inatividade: cerca de 65h. &#8211; Bateria: bateria de litio 3.7V. &#8211; Alcance de transmiss\u00e3o: 10M. &#8211; Pot\u00eancia de transmiss\u00e3o: 2.4GHz. &#8211; Tens\u00e3o de recarga: DC 5V. &nbsp;<\/p>\n","protected":false},"featured_media":3201,"comment_status":"open","ping_status":"closed","template":"","meta":[],"product_brand":[],"product_cat":[22,26],"product_tag":[73,69,147,177,70,176,71,180],"class_list":{"0":"post-3200","1":"product","2":"type-product","3":"status-publish","4":"has-post-thumbnail","6":"product_cat-fone","7":"product_cat-mobile","8":"product_tag-airdots","9":"product_tag-airpods","10":"product_tag-android","11":"product_tag-buds","12":"product_tag-earphones","13":"product_tag-in-ear","14":"product_tag-musica","15":"product_tag-tws","17":"first","18":"instock","19":"shipping-taxable","20":"purchasable","21":"product-type-simple"},"_links":{"self":[{"href":"https:\/\/projetos.ricardoivanov.com.br\/tektech\/wp-json\/wp\/v2\/product\/3200","targetHints":{"allow":["GET"]}}],"collection":[{"href":"https:\/\/projetos.ricardoivanov.com.br\/tektech\/wp-json\/wp\/v2\/product"}],"about":[{"href":"https:\/\/projetos.ricardoivanov.com.br\/tektech\/wp-json\/wp\/v2\/types\/product"}],"replies":[{"embeddable":true,"href":"https:\/\/projetos.ricardoivanov.com.br\/tektech\/wp-json\/wp\/v2\/comments?post=3200"}],"wp:featuredmedia":[{"embeddable":true,"href":"https:\/\/projetos.ricardoivanov.com.br\/tektech\/wp-json\/wp\/v2\/media\/3201"}],"wp:attachment":[{"href":"https:\/\/projetos.ricardoivanov.com.br\/tektech\/wp-json\/wp\/v2\/media?parent=3200"}],"wp:term":[{"taxonomy":"product_brand","embeddable":true,"href":"https:\/\/projetos.ricardoivanov.com.br\/tektech\/wp-json\/wp\/v2\/product_brand?post=3200"},{"taxonomy":"product_cat","embeddable":true,"href":"https:\/\/projetos.ricardoivanov.com.br\/tektech\/wp-json\/wp\/v2\/product_cat?post=3200"},{"taxonomy":"product_tag","embeddable":true,"href":"https:\/\/projetos.ricardoivanov.com.br\/tektech\/wp-json\/wp\/v2\/product_tag?post=3200"}],"curies":[{"name":"wp","href":"https:\/\/api.w.org\/{rel}","templated":true}]}}