{"id":3199,"date":"2022-07-08T16:46:51","date_gmt":"2022-07-08T19:46:51","guid":{"rendered":"https:\/\/projetos.ricardoivanov.com.br\/tektech\/?post_type=product&#038;p=3199"},"modified":"2022-07-10T15:44:52","modified_gmt":"2022-07-10T18:44:52","slug":"fone-de-ouvido-com-microfone-p3-knup","status":"publish","type":"product","link":"https:\/\/projetos.ricardoivanov.com.br\/tektech\/produto\/fone-de-ouvido-com-microfone-p3-knup\/","title":{"rendered":"Fone de Ouvido Com Microfone P3 Knup &#8211; KP-FN603"},"content":{"rendered":"<p><strong>Especifica\u00e7\u00f5es<\/strong><\/p>\n<ul>\n<li>Alcance da Frequ\u00eancia: 20-20000Hz X1<\/li>\n<li>N\u00edvel de sensibilidade: 96dB\/1khz<\/li>\n<li>Imped\u00e2ncia: 16 ohms<\/li>\n<li>M\u00e1xima Pot\u00eancia: 100mW<\/li>\n<li>Distor\u00e7\u00e3o: &lt;1%<\/li>\n<li>Plug: 3.5mm<\/li>\n<li>Comprimento: 1.2M<\/li>\n<li>Sensibilidade do Microfone: -40\u00b13dB<\/li>\n<\/ul>\n<p>&nbsp;<\/p>\n<figure class=\"image\"><img decoding=\"async\" class=\"aligncenter\" style=\"width: 300px;\" src=\"https:\/\/projetos.ricardoivanov.com.br\/tektech\/wp-content\/uploads\/2022\/07\/7dias-garantia.jpg\" \/><\/figure>\n","protected":false},"excerpt":{"rendered":"<p>Especifica\u00e7\u00f5es Alcance da Frequ\u00eancia: 20-20000Hz X1 N\u00edvel de sensibilidade: 96dB\/1khz Imped\u00e2ncia: 16 ohms M\u00e1xima Pot\u00eancia: 100mW Distor\u00e7\u00e3o: &lt;1% Plug: 3.5mm Comprimento: 1.2M Sensibilidade do Microfone: -40\u00b13dB &nbsp;<\/p>\n","protected":false},"featured_media":3071,"comment_status":"open","ping_status":"closed","template":"","meta":[],"product_brand":[],"product_cat":[22,26],"product_tag":[147,193,141,71],"class_list":{"0":"post-3199","1":"product","2":"type-product","3":"status-publish","4":"has-post-thumbnail","6":"product_cat-fone","7":"product_cat-mobile","8":"product_tag-android","9":"product_tag-chamadas","10":"product_tag-iphone","11":"product_tag-musica","13":"first","14":"instock","15":"shipping-taxable","16":"purchasable","17":"product-type-simple"},"_links":{"self":[{"href":"https:\/\/projetos.ricardoivanov.com.br\/tektech\/wp-json\/wp\/v2\/product\/3199","targetHints":{"allow":["GET"]}}],"collection":[{"href":"https:\/\/projetos.ricardoivanov.com.br\/tektech\/wp-json\/wp\/v2\/product"}],"about":[{"href":"https:\/\/projetos.ricardoivanov.com.br\/tektech\/wp-json\/wp\/v2\/types\/product"}],"replies":[{"embeddable":true,"href":"https:\/\/projetos.ricardoivanov.com.br\/tektech\/wp-json\/wp\/v2\/comments?post=3199"}],"wp:featuredmedia":[{"embeddable":true,"href":"https:\/\/projetos.ricardoivanov.com.br\/tektech\/wp-json\/wp\/v2\/media\/3071"}],"wp:attachment":[{"href":"https:\/\/projetos.ricardoivanov.com.br\/tektech\/wp-json\/wp\/v2\/media?parent=3199"}],"wp:term":[{"taxonomy":"product_brand","embeddable":true,"href":"https:\/\/projetos.ricardoivanov.com.br\/tektech\/wp-json\/wp\/v2\/product_brand?post=3199"},{"taxonomy":"product_cat","embeddable":true,"href":"https:\/\/projetos.ricardoivanov.com.br\/tektech\/wp-json\/wp\/v2\/product_cat?post=3199"},{"taxonomy":"product_tag","embeddable":true,"href":"https:\/\/projetos.ricardoivanov.com.br\/tektech\/wp-json\/wp\/v2\/product_tag?post=3199"}],"curies":[{"name":"wp","href":"https:\/\/api.w.org\/{rel}","templated":true}]}}