{"id":3191,"date":"2022-07-08T16:19:25","date_gmt":"2022-07-08T19:19:25","guid":{"rendered":"https:\/\/projetos.ricardoivanov.com.br\/tektech\/?post_type=product&#038;p=3191"},"modified":"2022-07-08T16:19:26","modified_gmt":"2022-07-08T19:19:26","slug":"headset-gamer-extra-bass-verde-ej-901","status":"publish","type":"product","link":"https:\/\/projetos.ricardoivanov.com.br\/tektech\/produto\/headset-gamer-extra-bass-verde-ej-901\/","title":{"rendered":"Headset Gamer Extra Bass Verde EJ-901"},"content":{"rendered":"<p>&#8211; N\u00e3o Perca Nenhum Detalhe Do Seu Jogo, Ou\u00e7a O Barulho Da \u00c1gua, Dos Passos De Um Personagem, Do Motor De Um Carro, etc\u2026<\/p>\n<p>&#8211; Com este headset, a qualidade do som do seu jogo estar\u00e1 mais realista.<br \/>\nSom de alta qualidade, permitindo mais imers\u00e3o em seu jogo, microfone de alta qualidade e sensibilidade.<\/p>\n<p>&#8211; Bot\u00f5es para controle de volume e para desligar\/ligar o microfone.<br \/>\n&#8211; Haste regul\u00e1vel, permitindo ao jogador melhor ajuste e conforto.<br \/>\n&#8211; Auriculares almofadados e macios.<br \/>\n&#8211; Cabo refor\u00e7ado revestido em nylon tran\u00e7ado.<br \/>\n&#8211; Clara distin\u00e7\u00e3o entre graves a agudos.<br \/>\n&#8211; Arco ajust\u00e1vel e flex\u00edvel.<br \/>\n&#8211; Auriculares modernos.<br \/>\n&#8211; Fones de ouvido est\u00e9reo para cancelamento de ru\u00eddo.<br \/>\n&#8211; Auriculares almofadados, macios e super confort\u00e1veis.<br \/>\n&#8211; Alta qualidade de voz e \u00e1udio.<br \/>\n&#8211; Leve para f\u00e1cil transporte.<br \/>\n&#8211; Ajust\u00e1vel na cabe\u00e7a para maior conforto do gamer.<br \/>\n&#8211; Plug P3 3.5mm &#8211; nativo compat\u00edvel com controle de v\u00eddeo game &#8211; PS4\/Xbox-One<br \/>\n&#8211; Plug P2 3.5mm &#8211; via adaptador compat\u00edvel com Desktop, Notebook<br \/>\n&#8211; Cabo Refor\u00e7ado revestido em nylon tran\u00e7ado<br \/>\n&#8211; Som Surround 7.1 virtual<br \/>\n&#8211; Marca: Verde<br \/>\n&#8211; Modelo: EJ-901<br \/>\n&#8211; Headset Gamer Robusto<br \/>\n&#8211; Di\u00e2metro: 50mm<br \/>\n&#8211; Frequ\u00eancia: 20hz ~ 20000khz<br \/>\n&#8211; Sensibilidade: 108dB +\/- 3dB &#8211; Fone<br \/>\n&#8211; Sensibilidade: -38dB +\/- 3dB &#8211; Microfone<br \/>\n&#8211; Imped\u00e2ncia: 320hm em 1khz<br \/>\n&#8211; Pot\u00eancia: 15mW<br \/>\n&#8211; Comprimento Cabo: 2,0 Metros<br \/>\n&#8211; Conector Plug: P3 3.5mm 4Pin &#8211; nativo<\/p>\n<p>\u2013 PC \/ Computador \/ Notebook \/ PS4 \/ XBOX-ONE \/ SMARTPHONE<\/p>\n<p>\u2013 Observa\u00e7\u00e3o.: Xbox One, compat\u00edvel com o controle modelo novo com entrada para plug P3 3.5mm<\/p>\n<p>\u2013 Observa\u00e7\u00e3o.: Pc, Notebook, compat\u00edvel com modelos que possuem entrada para plug P3 3.5mm e P2 duplo 3.5mm<\/p>\n<p>&#8211; O plug P3 3.5mm, \u00e9 o mesmo plug utilizado em fones para Celulares e Smartphones, j\u00e1 vem com as fun\u00e7\u00f5es de fone e microfone unificadas.<\/p>\n<p>Verifique se o controle de seu console, aceita esse tipo de plug antes de realizar a compra do produto.<\/p>\n<p>01 Fone De Ouvido Headset Gamer Plug P3 3.5mm<br \/>\n01 Adaptador para fone Plug P3 para Plug P2 duplo (3.5mm)<\/p>\n<p>&nbsp;<\/p>\n<figure class=\"image\"><img decoding=\"async\" class=\"aligncenter\" style=\"width: 300px;\" src=\"https:\/\/projetos.ricardoivanov.com.br\/tektech\/wp-content\/uploads\/2022\/07\/7dias-garantia.jpg\" \/><\/figure>\n","protected":false},"excerpt":{"rendered":"<p>&#8211; N\u00e3o Perca Nenhum Detalhe Do Seu Jogo, Ou\u00e7a O Barulho Da \u00c1gua, Dos Passos De Um Personagem, Do Motor De Um Carro, etc\u2026 &#8211; Com este headset, a qualidade do som do seu jogo estar\u00e1 mais realista. Som de alta qualidade, permitindo mais imers\u00e3o em seu jogo, microfone de alta qualidade e sensibilidade. &#8211; [&hellip;]<\/p>\n","protected":false},"featured_media":3192,"comment_status":"open","ping_status":"closed","template":"","meta":[],"product_brand":[],"product_cat":[179],"product_tag":[186,185,91,85,71,89,84,192,88],"class_list":{"0":"post-3191","1":"product","2":"type-product","3":"status-publish","4":"has-post-thumbnail","6":"product_cat-headsets","7":"product_tag-gamer","8":"product_tag-headfone","9":"product_tag-headphone","10":"product_tag-jogo","11":"product_tag-musica","12":"product_tag-play-station","13":"product_tag-ps3","14":"product_tag-ps4","15":"product_tag-xbox","17":"first","18":"instock","19":"shipping-taxable","20":"purchasable","21":"product-type-simple"},"_links":{"self":[{"href":"https:\/\/projetos.ricardoivanov.com.br\/tektech\/wp-json\/wp\/v2\/product\/3191","targetHints":{"allow":["GET"]}}],"collection":[{"href":"https:\/\/projetos.ricardoivanov.com.br\/tektech\/wp-json\/wp\/v2\/product"}],"about":[{"href":"https:\/\/projetos.ricardoivanov.com.br\/tektech\/wp-json\/wp\/v2\/types\/product"}],"replies":[{"embeddable":true,"href":"https:\/\/projetos.ricardoivanov.com.br\/tektech\/wp-json\/wp\/v2\/comments?post=3191"}],"wp:featuredmedia":[{"embeddable":true,"href":"https:\/\/projetos.ricardoivanov.com.br\/tektech\/wp-json\/wp\/v2\/media\/3192"}],"wp:attachment":[{"href":"https:\/\/projetos.ricardoivanov.com.br\/tektech\/wp-json\/wp\/v2\/media?parent=3191"}],"wp:term":[{"taxonomy":"product_brand","embeddable":true,"href":"https:\/\/projetos.ricardoivanov.com.br\/tektech\/wp-json\/wp\/v2\/product_brand?post=3191"},{"taxonomy":"product_cat","embeddable":true,"href":"https:\/\/projetos.ricardoivanov.com.br\/tektech\/wp-json\/wp\/v2\/product_cat?post=3191"},{"taxonomy":"product_tag","embeddable":true,"href":"https:\/\/projetos.ricardoivanov.com.br\/tektech\/wp-json\/wp\/v2\/product_tag?post=3191"}],"curies":[{"name":"wp","href":"https:\/\/api.w.org\/{rel}","templated":true}]}}