{"id":3189,"date":"2022-07-08T16:05:56","date_gmt":"2022-07-08T19:05:56","guid":{"rendered":"https:\/\/projetos.ricardoivanov.com.br\/tektech\/?post_type=product&#038;p=3189"},"modified":"2022-07-08T16:05:57","modified_gmt":"2022-07-08T19:05:57","slug":"headset-gamer-rgb-exbom-hf-g500","status":"publish","type":"product","link":"https:\/\/projetos.ricardoivanov.com.br\/tektech\/produto\/headset-gamer-rgb-exbom-hf-g500\/","title":{"rendered":"Headset Gamer RGB Exbom HF-G500"},"content":{"rendered":"<p><strong>ESPECIFICA\u00c7\u00d5ES<\/strong>:<\/p>\n<p>&#8211; Ilumina\u00e7\u00e3o LED: 7 n\u00facleos.<\/p>\n<p>&#8211; Conectores: P2 3,5mm (mic), P2 3,5mm (fone) e USB (LED).<\/p>\n<p>&#8211; Resposta de frequ\u00eancia: 20Hz &#8211; 20kHz.<\/p>\n<p>&#8211; Alto-falantes: 50 mm de di\u00e2metro (cada).<\/p>\n<p>&#8211; Pot\u00eancia m\u00e1xima: 30 mW.<\/p>\n<p>&#8211; Imped\u00e2ncia: 32 Ohms + 10%<\/p>\n<p>&#8211; Voltagem do LED: USB 5V.<\/p>\n<p>&#8211; Corrente de trabalho: &lt; 200 mA.<\/p>\n<p>&#8211; Sensibilidade nominal: 42 \u00b1 3dB.<\/p>\n<p>&#8211; Imped\u00e2ncia de carga: 2,2k Ohms.<\/p>\n<p>&#8211; Desequil\u00edbrio: \u2264 4db.<\/p>\n<p>&#8211; Dimens\u00f5es aprox. fazer microfone: 6mm x 5mm.<\/p>\n<p>&#8211; Dura\u00e7\u00e3o aprox. da pressa do microfone: 11 cm.<\/p>\n<p>&#8211; comprimento aprox. do cabo: 200 cm.<\/p>\n<p>&#8211; Dimens\u00f5es aprox. Fone de ouvido: 19,3 x 19 x 9,5 cm.<\/p>\n<p>&nbsp;<\/p>\n<figure class=\"image\"><img decoding=\"async\" class=\"aligncenter\" style=\"width: 300px;\" src=\"https:\/\/projetos.ricardoivanov.com.br\/tektech\/wp-content\/uploads\/2022\/07\/7dias-garantia.jpg\" \/><\/figure>\n","protected":false},"excerpt":{"rendered":"<p>ESPECIFICA\u00c7\u00d5ES: &#8211; Ilumina\u00e7\u00e3o LED: 7 n\u00facleos. &#8211; Conectores: P2 3,5mm (mic), P2 3,5mm (fone) e USB (LED). &#8211; Resposta de frequ\u00eancia: 20Hz &#8211; 20kHz. &#8211; Alto-falantes: 50 mm de di\u00e2metro (cada). &#8211; Pot\u00eancia m\u00e1xima: 30 mW. &#8211; Imped\u00e2ncia: 32 Ohms + 10% &#8211; Voltagem do LED: USB 5V. &#8211; Corrente de trabalho: &lt; 200 mA. [&hellip;]<\/p>\n","protected":false},"featured_media":3190,"comment_status":"open","ping_status":"closed","template":"","meta":[],"product_brand":[],"product_cat":[179],"product_tag":[186,185,91,191,71],"class_list":{"0":"post-3189","1":"product","2":"type-product","3":"status-publish","4":"has-post-thumbnail","6":"product_cat-headsets","7":"product_tag-gamer","8":"product_tag-headfone","9":"product_tag-headphone","10":"product_tag-jogos","11":"product_tag-musica","13":"first","14":"instock","15":"sale","16":"shipping-taxable","17":"purchasable","18":"product-type-simple"},"_links":{"self":[{"href":"https:\/\/projetos.ricardoivanov.com.br\/tektech\/wp-json\/wp\/v2\/product\/3189","targetHints":{"allow":["GET"]}}],"collection":[{"href":"https:\/\/projetos.ricardoivanov.com.br\/tektech\/wp-json\/wp\/v2\/product"}],"about":[{"href":"https:\/\/projetos.ricardoivanov.com.br\/tektech\/wp-json\/wp\/v2\/types\/product"}],"replies":[{"embeddable":true,"href":"https:\/\/projetos.ricardoivanov.com.br\/tektech\/wp-json\/wp\/v2\/comments?post=3189"}],"wp:featuredmedia":[{"embeddable":true,"href":"https:\/\/projetos.ricardoivanov.com.br\/tektech\/wp-json\/wp\/v2\/media\/3190"}],"wp:attachment":[{"href":"https:\/\/projetos.ricardoivanov.com.br\/tektech\/wp-json\/wp\/v2\/media?parent=3189"}],"wp:term":[{"taxonomy":"product_brand","embeddable":true,"href":"https:\/\/projetos.ricardoivanov.com.br\/tektech\/wp-json\/wp\/v2\/product_brand?post=3189"},{"taxonomy":"product_cat","embeddable":true,"href":"https:\/\/projetos.ricardoivanov.com.br\/tektech\/wp-json\/wp\/v2\/product_cat?post=3189"},{"taxonomy":"product_tag","embeddable":true,"href":"https:\/\/projetos.ricardoivanov.com.br\/tektech\/wp-json\/wp\/v2\/product_tag?post=3189"}],"curies":[{"name":"wp","href":"https:\/\/api.w.org\/{rel}","templated":true}]}}