{"id":3180,"date":"2022-07-08T15:37:21","date_gmt":"2022-07-08T18:37:21","guid":{"rendered":"https:\/\/projetos.ricardoivanov.com.br\/tektech\/?post_type=product&#038;p=3180"},"modified":"2022-07-08T15:37:22","modified_gmt":"2022-07-08T18:37:22","slug":"headset-gamer-rgb-kapbom-ka-909","status":"publish","type":"product","link":"https:\/\/projetos.ricardoivanov.com.br\/tektech\/produto\/headset-gamer-rgb-kapbom-ka-909\/","title":{"rendered":"Headset Gamer RGB Kapbom KA-909"},"content":{"rendered":"<p><strong>Especifica\u00e7\u00f5es<\/strong><\/p>\n<p>Tipo: Din\u00e2mico<\/p>\n<p>Unidade de driver: 40 mm de di\u00e2metro<\/p>\n<p>Capacidade de manuseio de energia: 50 mW<\/p>\n<p>Imped\u00e2ncia: 32 ohms a 1 KHz<\/p>\n<p>Sensibilidade:\u00a0 108 dB\/mW<\/p>\n<p>Resposta de frequ\u00eancia: 12-22000 Hz<\/p>\n<p>cabo: 1.2 Metros<\/p>\n<p>Conex\u00e3o: 2 P2 + Usb (somente para ilumina\u00e7\u00e3o LED)<\/p>\n<figure class=\"image\"><img decoding=\"async\" class=\"aligncenter\" style=\"width: 300px;\" src=\"https:\/\/projetos.ricardoivanov.com.br\/tektech\/wp-content\/uploads\/2022\/07\/7dias-garantia.jpg\" \/><\/figure>\n","protected":false},"excerpt":{"rendered":"<p>Especifica\u00e7\u00f5es Tipo: Din\u00e2mico Unidade de driver: 40 mm de di\u00e2metro Capacidade de manuseio de energia: 50 mW Imped\u00e2ncia: 32 ohms a 1 KHz Sensibilidade:\u00a0 108 dB\/mW Resposta de frequ\u00eancia: 12-22000 Hz cabo: 1.2 Metros Conex\u00e3o: 2 P2 + Usb (somente para ilumina\u00e7\u00e3o LED)<\/p>\n","protected":false},"featured_media":3181,"comment_status":"open","ping_status":"closed","template":"","meta":[],"product_brand":[],"product_cat":[179],"product_tag":[186,185,91,71],"class_list":{"0":"post-3180","1":"product","2":"type-product","3":"status-publish","4":"has-post-thumbnail","6":"product_cat-headsets","7":"product_tag-gamer","8":"product_tag-headfone","9":"product_tag-headphone","10":"product_tag-musica","12":"first","13":"instock","14":"shipping-taxable","15":"purchasable","16":"product-type-simple"},"_links":{"self":[{"href":"https:\/\/projetos.ricardoivanov.com.br\/tektech\/wp-json\/wp\/v2\/product\/3180","targetHints":{"allow":["GET"]}}],"collection":[{"href":"https:\/\/projetos.ricardoivanov.com.br\/tektech\/wp-json\/wp\/v2\/product"}],"about":[{"href":"https:\/\/projetos.ricardoivanov.com.br\/tektech\/wp-json\/wp\/v2\/types\/product"}],"replies":[{"embeddable":true,"href":"https:\/\/projetos.ricardoivanov.com.br\/tektech\/wp-json\/wp\/v2\/comments?post=3180"}],"wp:featuredmedia":[{"embeddable":true,"href":"https:\/\/projetos.ricardoivanov.com.br\/tektech\/wp-json\/wp\/v2\/media\/3181"}],"wp:attachment":[{"href":"https:\/\/projetos.ricardoivanov.com.br\/tektech\/wp-json\/wp\/v2\/media?parent=3180"}],"wp:term":[{"taxonomy":"product_brand","embeddable":true,"href":"https:\/\/projetos.ricardoivanov.com.br\/tektech\/wp-json\/wp\/v2\/product_brand?post=3180"},{"taxonomy":"product_cat","embeddable":true,"href":"https:\/\/projetos.ricardoivanov.com.br\/tektech\/wp-json\/wp\/v2\/product_cat?post=3180"},{"taxonomy":"product_tag","embeddable":true,"href":"https:\/\/projetos.ricardoivanov.com.br\/tektech\/wp-json\/wp\/v2\/product_tag?post=3180"}],"curies":[{"name":"wp","href":"https:\/\/api.w.org\/{rel}","templated":true}]}}