{"id":2847,"date":"2022-06-26T15:40:55","date_gmt":"2022-06-26T18:40:55","guid":{"rendered":"https:\/\/projetos.ricardoivanov.com.br\/tektech\/?post_type=product&#038;p=2847"},"modified":"2022-08-20T16:17:33","modified_gmt":"2022-08-20T19:17:33","slug":"fone-de-ouvido-in-ear-sem-fio-kapbom","status":"publish","type":"product","link":"https:\/\/projetos.ricardoivanov.com.br\/tektech\/produto\/fone-de-ouvido-in-ear-sem-fio-kapbom\/","title":{"rendered":"Fone De Ouvido In-ear Sem Fio Kapbom"},"content":{"rendered":"<p>Na rua, no \u00f4nibus ou no escrit\u00f3rio, tenha sempre seus fones de ouvido Kapbom \u00e0 m\u00e3o e afaste-se da rotina por um tempo! Voc\u00ea poder\u00e1 apreciar as m\u00fasicas que mais gosta e seus podcasts favoritos quando e onde quiser.<\/p>\n<p>O formato perfeito para voc\u00ea<br \/>\nPor serem fones internos, possui uma melhor qualidade do \u00e1udio e reduz o ru\u00eddo do ambiente externo. Eles s\u00e3o ideais para acompanhar voc\u00ea quando se exercita, viaja ou quer relaxar.<\/p>\n<p>100% Sem fios<br \/>\nAo contr\u00e1rio de outras conectividades, este dispositivo \u00e9 fabricado com a tecnologia TWS (True Wireless Stereo) o que permite uma conex\u00e3o sem fio completa e funciona sem um \u00fanico cabo entre os pares. Com ele voc\u00ea poder\u00e1 desfrutar do ambiente de som sem ter que estar pendente de conex\u00f5es f\u00edsicas.<\/p>\n<p>Bluetooth de \u00faltima gera\u00e7\u00e3o<br \/>\nCom a vers\u00e3o bluetooth 5.0 voc\u00ea tem muitos benef\u00edcios para aproveitar. Comparado ao seu antecessor BT 4.2, voc\u00ea poder\u00e1 obter velocidades de transmiss\u00e3o de at\u00e9 2,2 Mbps de dados e atingir uma dist\u00e2ncia m\u00e1xima de 20 metros de conex\u00e3o (sem obst\u00e1culos). Mas uma das novidades mais not\u00e1veis \u00e9 que com o seu modo duplo voc\u00ea ter\u00e1 a capacidade de reproduzir \u00e1udio ao mesmo tempo em dois dispositivos diferentes.<\/p>\n<p>INSTRU\u00c7\u00d5ES DE USO<\/p>\n<p>&#8211; Ligar\/ Desligar: Segure o bot\u00e3o do fone at\u00e9 ligar ou desligar<br \/>\n&#8211; Pausar m\u00fasicas: Apenas um toque em um dos lados do fone<br \/>\n&#8211; Avan\u00e7ar para pr\u00f3xima m\u00fasica: 2 toques no fone direito<br \/>\n&#8211; Retroceder para a m\u00fasica anterior: 2 toques no fone esquerdo<br \/>\n&#8211; Atender liga\u00e7\u00e3o: Quando conectado, basta apenas um toque no fone direito para atender chamadas<br \/>\n&#8211; Ao encaixar o fone na base de carregamento, acender\u00e1 uma luz vermelha. Quando atingir 100% de bateria, a luz se apagar\u00e1<\/p>\n<p>Especifica\u00e7\u00f5es:<br \/>\n-Vers\u00e3o BT: V5.0 + EDR<br \/>\n-Banda: 2.4Ghz<br \/>\n-Imped\u00e2ncia: 16 ohms<br \/>\n-Dist\u00e2ncia: 15 Metros (Varia conforme ambiente e obst\u00e1culos)<br \/>\n-Capacidade Bateria (Fones): 50mha<br \/>\n-Capacidade Bateria (Base carregadora): 300mah<br \/>\n-Com microfone para chamadas<br \/>\n-Compat\u00edvel com iPhone e Android<br \/>\n-Tempo de reprodu\u00e7\u00e3o: cerca de 4 horas<br \/>\n-A prova de suor<br \/>\n-Sound Bass Performance<\/p>\n<p>&nbsp;<\/p>\n<figure class=\"image\"><img decoding=\"async\" class=\"aligncenter\" style=\"width: 300px;\" src=\"https:\/\/projetos.ricardoivanov.com.br\/tektech\/wp-content\/uploads\/2022\/07\/7dias-garantia.jpg\" \/><\/figure>\n","protected":false},"excerpt":{"rendered":"<p>Na rua, no \u00f4nibus ou no escrit\u00f3rio, tenha sempre seus fones de ouvido Kapbom \u00e0 m\u00e3o e afaste-se da rotina por um tempo! Voc\u00ea poder\u00e1 apreciar as m\u00fasicas que mais gosta e seus podcasts favoritos quando e onde quiser. O formato perfeito para voc\u00ea Por serem fones internos, possui uma melhor qualidade do \u00e1udio e [&hellip;]<\/p>\n","protected":false},"featured_media":2849,"comment_status":"open","ping_status":"closed","template":"","meta":[],"product_brand":[],"product_cat":[22,26],"product_tag":[177,70,176,180],"class_list":{"0":"post-2847","1":"product","2":"type-product","3":"status-publish","4":"has-post-thumbnail","6":"product_cat-fone","7":"product_cat-mobile","8":"product_tag-buds","9":"product_tag-earphones","10":"product_tag-in-ear","11":"product_tag-tws","13":"first","14":"instock","15":"shipping-taxable","16":"purchasable","17":"product-type-variable"},"_links":{"self":[{"href":"https:\/\/projetos.ricardoivanov.com.br\/tektech\/wp-json\/wp\/v2\/product\/2847","targetHints":{"allow":["GET"]}}],"collection":[{"href":"https:\/\/projetos.ricardoivanov.com.br\/tektech\/wp-json\/wp\/v2\/product"}],"about":[{"href":"https:\/\/projetos.ricardoivanov.com.br\/tektech\/wp-json\/wp\/v2\/types\/product"}],"replies":[{"embeddable":true,"href":"https:\/\/projetos.ricardoivanov.com.br\/tektech\/wp-json\/wp\/v2\/comments?post=2847"}],"wp:featuredmedia":[{"embeddable":true,"href":"https:\/\/projetos.ricardoivanov.com.br\/tektech\/wp-json\/wp\/v2\/media\/2849"}],"wp:attachment":[{"href":"https:\/\/projetos.ricardoivanov.com.br\/tektech\/wp-json\/wp\/v2\/media?parent=2847"}],"wp:term":[{"taxonomy":"product_brand","embeddable":true,"href":"https:\/\/projetos.ricardoivanov.com.br\/tektech\/wp-json\/wp\/v2\/product_brand?post=2847"},{"taxonomy":"product_cat","embeddable":true,"href":"https:\/\/projetos.ricardoivanov.com.br\/tektech\/wp-json\/wp\/v2\/product_cat?post=2847"},{"taxonomy":"product_tag","embeddable":true,"href":"https:\/\/projetos.ricardoivanov.com.br\/tektech\/wp-json\/wp\/v2\/product_tag?post=2847"}],"curies":[{"name":"wp","href":"https:\/\/api.w.org\/{rel}","templated":true}]}}