{"id":2456,"date":"2022-04-26T23:17:08","date_gmt":"2022-04-27T02:17:08","guid":{"rendered":"https:\/\/projetos.ricardoivanov.com.br\/tektech\/?post_type=product&#038;p=2456"},"modified":"2025-12-12T13:20:33","modified_gmt":"2025-12-12T16:20:33","slug":"fone-sem-fio-krillmall-gt1-pro-touch","status":"publish","type":"product","link":"https:\/\/projetos.ricardoivanov.com.br\/tektech\/produto\/fone-sem-fio-krillmall-gt1-pro-touch\/","title":{"rendered":"Fone sem Fio Krillmall GT1 PRO Touch"},"content":{"rendered":"<p><strong>Chega de fios enrolados!<\/strong> Os fones de ouvido sem fio Krillmall oferecem maior praticidade e conforto, adequando-se perfeitamente aos seus ouvidos.<\/p>\n<p>Permite at\u00e9 3,5 horas de uso cont\u00ednuo e ap\u00f3s esse per\u00edodo, basta usar o carregador port\u00e1til da case para redefinir a carga.<\/p>\n<p>Em apenas 1 hora e meia, seus fones de ouvido estar\u00e3o novamente carregados e prontos para uso!<\/p>\n<p>O carregamento do estojo fornece indicadores de bateria e pode ser totalmente carregado em at\u00e9 3 horas.<\/p>\n<p>Em seus fones de ouvido, voc\u00ea pode avan\u00e7ar\/retroceder\/reproduzir\/pausar m\u00fasicas, v\u00eddeos ou podcasts, atender\/rejeitar chamadas ou acionar o seu assistente de voz.<\/p>\n<p>Tudo isso com praticidade j\u00e1 que <strong>sua superf\u00edcie \u00e9 totalmente touchscreen.<\/strong><\/p>\n<p>&nbsp;<\/p>\n<p><img decoding=\"async\" class=\"aligncenter\" src=\"https:\/\/projetos.ricardoivanov.com.br\/tektech\/wp-content\/uploads\/2022\/04\/krillmall-img-1.webp\" \/><img decoding=\"async\" class=\"aligncenter\" src=\"https:\/\/projetos.ricardoivanov.com.br\/tektech\/wp-content\/uploads\/2022\/04\/krillmall-img-2.webp\" \/><img decoding=\"async\" class=\"aligncenter\" src=\"https:\/\/projetos.ricardoivanov.com.br\/tektech\/wp-content\/uploads\/2022\/04\/krillmall-img-3.webp\" \/><img decoding=\"async\" class=\"aligncenter\" src=\"https:\/\/projetos.ricardoivanov.com.br\/tektech\/wp-content\/uploads\/2022\/04\/krillmall-img-4.webp\" \/><\/p>\n<p><img decoding=\"async\" class=\"aligncenter\" src=\"https:\/\/projetos.ricardoivanov.com.br\/tektech\/wp-content\/uploads\/2022\/04\/krillmall-img-6.webp\" \/><img decoding=\"async\" class=\"aligncenter\" src=\"https:\/\/projetos.ricardoivanov.com.br\/tektech\/wp-content\/uploads\/2022\/04\/krillmall-img-7.webp\" \/><\/p>\n<p>&nbsp;<\/p>\n<p>&nbsp;<\/p>\n<h3>Especifica\u00e7\u00f5es<\/h3>\n<h4>Fones<\/h4>\n<p>Alcance de comunica\u00e7\u00e3o: 10m (sem obst\u00e1culo)<br \/>\nCapacidade da bateria: 43mAh (fone \u00fanico)<br \/>\nTempo de carregamento: aprox. 1,5 horas<br \/>\nTempo de espera: aprox. 100 horas<br \/>\nTipo de bateria: Li-ion<br \/>\nEntrada: 5V &#8211; 100mAh<br \/>\nConex\u00e3o sem fio: Bluetooth 5.0<\/p>\n<h4>Estojo Carregador<\/h4>\n<p>Capacidade da bateria: 800mAh<br \/>\nTempo de carregamento: cerca de 3 horas<br \/>\nTempo de espera (stand by): aprox. 300 horas<br \/>\nTipo de bateria: entrada de par\u00e2metro Li-Ion: 5V &#8211; 500mAh<br \/>\nSa\u00edda do par\u00e2metro: 5V &#8211; 150 mAh<\/p>\n<h3>Pacote<\/h3>\n<p>1 Par de fones de ouvido sem fio Krillmall<br \/>\n1 Estojo carregador 4 borrachas auriculares para os fones;<br \/>\n1 cabo USB<br \/>\n1 Manual<\/p>\n<p>&nbsp;<\/p>\n<figure class=\"image\"><img decoding=\"async\" class=\"aligncenter\" style=\"width: 300px;\" src=\"https:\/\/projetos.ricardoivanov.com.br\/tektech\/wp-content\/uploads\/2022\/07\/7dias-garantia.jpg\" \/><\/figure>\n","protected":false},"excerpt":{"rendered":"<p>Chega de fios enrolados! Os fones de ouvido sem fio Krillmall oferecem maior praticidade e conforto, adequando-se perfeitamente aos seus ouvidos. Permite at\u00e9 3,5 horas de uso cont\u00ednuo e ap\u00f3s esse per\u00edodo, basta usar o carregador port\u00e1til da case para redefinir a carga. Em apenas 1 hora e meia, seus fones de ouvido estar\u00e3o novamente [&hellip;]<\/p>\n","protected":false},"featured_media":2455,"comment_status":"open","ping_status":"closed","template":"","meta":[],"product_brand":[],"product_cat":[22,26],"product_tag":[73,69,70,71],"class_list":{"0":"post-2456","1":"product","2":"type-product","3":"status-publish","4":"has-post-thumbnail","6":"product_cat-fone","7":"product_cat-mobile","8":"product_tag-airdots","9":"product_tag-airpods","10":"product_tag-earphones","11":"product_tag-musica","13":"first","14":"instock","15":"sale","16":"shipping-taxable","17":"purchasable","18":"product-type-simple"},"_links":{"self":[{"href":"https:\/\/projetos.ricardoivanov.com.br\/tektech\/wp-json\/wp\/v2\/product\/2456","targetHints":{"allow":["GET"]}}],"collection":[{"href":"https:\/\/projetos.ricardoivanov.com.br\/tektech\/wp-json\/wp\/v2\/product"}],"about":[{"href":"https:\/\/projetos.ricardoivanov.com.br\/tektech\/wp-json\/wp\/v2\/types\/product"}],"replies":[{"embeddable":true,"href":"https:\/\/projetos.ricardoivanov.com.br\/tektech\/wp-json\/wp\/v2\/comments?post=2456"}],"wp:featuredmedia":[{"embeddable":true,"href":"https:\/\/projetos.ricardoivanov.com.br\/tektech\/wp-json\/wp\/v2\/media\/2455"}],"wp:attachment":[{"href":"https:\/\/projetos.ricardoivanov.com.br\/tektech\/wp-json\/wp\/v2\/media?parent=2456"}],"wp:term":[{"taxonomy":"product_brand","embeddable":true,"href":"https:\/\/projetos.ricardoivanov.com.br\/tektech\/wp-json\/wp\/v2\/product_brand?post=2456"},{"taxonomy":"product_cat","embeddable":true,"href":"https:\/\/projetos.ricardoivanov.com.br\/tektech\/wp-json\/wp\/v2\/product_cat?post=2456"},{"taxonomy":"product_tag","embeddable":true,"href":"https:\/\/projetos.ricardoivanov.com.br\/tektech\/wp-json\/wp\/v2\/product_tag?post=2456"}],"curies":[{"name":"wp","href":"https:\/\/api.w.org\/{rel}","templated":true}]}}