{"id":3,"date":"2021-11-29T15:14:29","date_gmt":"2021-11-29T18:14:29","guid":{"rendered":"https:\/\/projetos.ricardoivanov.com.br\/tektech\/?page_id=3"},"modified":"2022-07-18T15:28:55","modified_gmt":"2022-07-18T18:28:55","slug":"politica-de-privacidade","status":"publish","type":"page","link":"https:\/\/projetos.ricardoivanov.com.br\/tektech\/politica-de-privacidade\/","title":{"rendered":"Pol\u00edtica de privacidade"},"content":{"rendered":"\t\t<div data-elementor-type=\"wp-page\" data-elementor-id=\"3\" class=\"elementor elementor-3\" data-elementor-post-type=\"page\">\n\t\t\t\t\t\t<section class=\"elementor-section elementor-top-section elementor-element elementor-element-469d6b19 elementor-section-boxed elementor-section-height-default elementor-section-height-default\" data-id=\"469d6b19\" data-element_type=\"section\" data-e-type=\"section\">\n\t\t\t\t\t\t<div class=\"elementor-container elementor-column-gap-default\">\n\t\t\t\t\t<div class=\"elementor-column elementor-col-100 elementor-top-column elementor-element elementor-element-2854f9bf\" data-id=\"2854f9bf\" data-element_type=\"column\" data-e-type=\"column\">\n\t\t\t<div class=\"elementor-widget-wrap elementor-element-populated\">\n\t\t\t\t\t\t<div class=\"elementor-element elementor-element-37986c6 elementor-widget elementor-widget-heading\" data-id=\"37986c6\" data-element_type=\"widget\" data-e-type=\"widget\" data-widget_type=\"heading.default\">\n\t\t\t\t<div class=\"elementor-widget-container\">\n\t\t\t\t\t<h2 class=\"elementor-heading-title elementor-size-default\">Pol\u00edticas de Privacidade<\/h2>\t\t\t\t<\/div>\n\t\t\t\t<\/div>\n\t\t\t\t<div class=\"elementor-element elementor-element-3dcd587a elementor-widget elementor-widget-text-editor\" data-id=\"3dcd587a\" data-element_type=\"widget\" data-e-type=\"widget\" data-widget_type=\"text-editor.default\">\n\t\t\t\t<div class=\"elementor-widget-container\">\n\t\t\t\t\t\t\t\t\t\n<p><strong>ESTA POL\u00cdTICA DE PRIVACIDADE FOI FORMULADA COM O INTUITO DE MANTER A PRIVACIDADE E A SEGURAN\u00c7A DAS INFORMA\u00c7\u00d5ES COLETADAS DE NOSSOS CLIENTES E USU\u00c1RIOS.<\/strong><\/p>\n<p>Todas as suas informa\u00e7\u00f5es pessoais recolhidas ser\u00e3o usadas para ajudar a tornar a sua visita no nosso site a mais produtiva e agrad\u00e1vel poss\u00edvel. A garantia da confidencialidade dos dados pessoais dos utilizadores do nosso site \u00e9 importante para a TekTech. Todas as informa\u00e7\u00f5es pessoais relativas a membros, assinantes, clientes ou visitantes que usem os nossos servi\u00e7os ser\u00e3o tratadas em concord\u00e2ncia com a Lei da Prote\u00e7\u00e3o de Dados Pessoais de 26 de outubro de 1998 (Lei n\u00ba 67\/98).<\/p>\n<p>A informa\u00e7\u00e3o pessoal recolhida pode incluir o seu nome, e-mail, n\u00famero de telefone e\/ou celular, moradia, data de nascimento e outros.<\/p>\n<p>O uso dos nossos servi\u00e7os pressup\u00f5e a aceita\u00e7\u00e3o deste Acordo de privacidade. A equipe da Loja TekTech reserva-se ao direito de alterar este acordo sem aviso pr\u00e9vio. Deste modo, recomendamos que consulte esta p\u00e1gina com regularidade de forma a estar sempre atualizado.<\/p>\n<p><br \/><strong>OS AN\u00daNCIOS<\/strong><\/p>\n<p>Tal como outros websites, coletamos e utilizamos informa\u00e7\u00f5es contidas nos an\u00fancios. A informa\u00e7\u00e3o contida nos an\u00fancios, inclui o seu endere\u00e7o IP (Internet Protocol), o seu ISP (Internet Service Provider, como o Sapo, Clix, ou outro), o browser que utilizou ao visitar o nosso website (como o Edge, Google Chrome, Safari, Firefox ou outro), o tempo da sua visita e que p\u00e1ginas visitou dentro do nosso website.<\/p>\n<p>\u00a0<\/p>\n<p><strong>OS COOKIES E WEB BEACONS<\/strong><\/p>\n<p>Utilizamos cookies para armazenar informa\u00e7\u00f5es, tais como as suas prefer\u00eancias pessoas quando visita o nosso website. Isto poder\u00e1 incluir um simples pop-up, ou uma liga\u00e7\u00e3o em v\u00e1rios servi\u00e7os que providenciamos, tais como f\u00f3runs.<\/p>\n<p>Voc\u00ea det\u00e9m o poder de desligar os seus cookies, nas op\u00e7\u00f5es do seu navegador, ou efetuando altera\u00e7\u00f5es nas ferramentas de programas Antiv\u00edrus, como o Windows Defender. No entanto, isso poder\u00e1 alterar a forma como interage com o nosso website, ou outros websites. Isso poder\u00e1 afetar ou n\u00e3o permitir que fa\u00e7a logins em programas, sites ou f\u00f3runs da nossa e de outras redes.<\/p>\n<p>\u00a0<\/p>\n<p><strong>LIGA\u00c7\u00d5ES A SITES DE TERCEIROS<\/strong><\/p>\n<p>A Loja TekTech possui links para outros sites, os quais, a nosso ver, podem conter informa\u00e7\u00f5es \/ ferramentas \u00fateis para os nossos visitantes (como o YouTube, por exemplo). A nossa pol\u00edtica de privacidade n\u00e3o \u00e9 aplicada a sites de terceiros, pelo que, caso visite outro site a partir do nosso, dever\u00e1 ler a pol\u00edtica de privacidade do mesmo. N\u00e3o nos responsabilizamos pela pol\u00edtica de privacidade ou conte\u00fado presente nesses mesmos sites.<\/p>\n<p><br \/><strong>AVISO LEGAL<\/strong><\/p>\n<p>Este site n\u00e3o \u00e9 afiliado ao Facebook e de nenhuma de suas entidades.<br \/>Os conte\u00fados e produtos aqui postados s\u00e3o de inteira responsabilidade da Loja TekTech.<\/p>\n\t\t\t\t\t\t\t\t<\/div>\n\t\t\t\t<\/div>\n\t\t\t\t\t<\/div>\n\t\t<\/div>\n\t\t\t\t\t<\/div>\n\t\t<\/section>\n\t\t\t\t<\/div>\n\t\t","protected":false},"excerpt":{"rendered":"<p>Pol\u00edticas de Privacidade ESTA POL\u00cdTICA DE PRIVACIDADE FOI FORMULADA COM O INTUITO DE MANTER A PRIVACIDADE E A SEGURAN\u00c7A DAS INFORMA\u00c7\u00d5ES COLETADAS DE NOSSOS CLIENTES E USU\u00c1RIOS. Todas as suas informa\u00e7\u00f5es pessoais recolhidas ser\u00e3o usadas para ajudar a tornar a sua visita no nosso site a mais produtiva e agrad\u00e1vel poss\u00edvel. A garantia da confidencialidade [&hellip;]<\/p>\n","protected":false},"author":1,"featured_media":0,"parent":0,"menu_order":0,"comment_status":"closed","ping_status":"open","template":"elementor_header_footer","meta":{"footnotes":""},"class_list":["post-3","page","type-page","status-publish","hentry"],"_links":{"self":[{"href":"https:\/\/projetos.ricardoivanov.com.br\/tektech\/wp-json\/wp\/v2\/pages\/3","targetHints":{"allow":["GET"]}}],"collection":[{"href":"https:\/\/projetos.ricardoivanov.com.br\/tektech\/wp-json\/wp\/v2\/pages"}],"about":[{"href":"https:\/\/projetos.ricardoivanov.com.br\/tektech\/wp-json\/wp\/v2\/types\/page"}],"author":[{"embeddable":true,"href":"https:\/\/projetos.ricardoivanov.com.br\/tektech\/wp-json\/wp\/v2\/users\/1"}],"replies":[{"embeddable":true,"href":"https:\/\/projetos.ricardoivanov.com.br\/tektech\/wp-json\/wp\/v2\/comments?post=3"}],"version-history":[{"count":0,"href":"https:\/\/projetos.ricardoivanov.com.br\/tektech\/wp-json\/wp\/v2\/pages\/3\/revisions"}],"wp:attachment":[{"href":"https:\/\/projetos.ricardoivanov.com.br\/tektech\/wp-json\/wp\/v2\/media?parent=3"}],"curies":[{"name":"wp","href":"https:\/\/api.w.org\/{rel}","templated":true}]}}