{"id":27,"date":"2021-11-29T15:35:37","date_gmt":"2021-11-29T18:35:37","guid":{"rendered":"https:\/\/projetos.ricardoivanov.com.br\/tektech\/minha-conta\/"},"modified":"2022-07-17T15:15:47","modified_gmt":"2022-07-17T18:15:47","slug":"minha-conta","status":"publish","type":"page","link":"https:\/\/projetos.ricardoivanov.com.br\/tektech\/minha-conta\/","title":{"rendered":"Minha conta"},"content":{"rendered":"\t\t<div data-elementor-type=\"wp-page\" data-elementor-id=\"27\" class=\"elementor elementor-27\" data-elementor-post-type=\"page\">\n\t\t\t\t\t\t<section class=\"elementor-section elementor-top-section elementor-element elementor-element-3e6eb634 elementor-section-boxed elementor-section-height-default elementor-section-height-default\" data-id=\"3e6eb634\" data-element_type=\"section\" data-e-type=\"section\" data-settings=\"{&quot;background_background&quot;:&quot;classic&quot;}\">\n\t\t\t\t\t\t<div class=\"elementor-container elementor-column-gap-default\">\n\t\t\t\t\t<div class=\"elementor-column elementor-col-100 elementor-top-column elementor-element elementor-element-63ac773e\" data-id=\"63ac773e\" data-element_type=\"column\" data-e-type=\"column\">\n\t\t\t<div class=\"elementor-widget-wrap elementor-element-populated\">\n\t\t\t\t\t\t<div class=\"elementor-element elementor-element-0f0cc89 elementor-widget-divider--view-line elementor-widget elementor-widget-divider\" data-id=\"0f0cc89\" data-element_type=\"widget\" data-e-type=\"widget\" data-widget_type=\"divider.default\">\n\t\t\t\t<div class=\"elementor-widget-container\">\n\t\t\t\t\t\t\t<div class=\"elementor-divider\">\n\t\t\t<span class=\"elementor-divider-separator\">\n\t\t\t\t\t\t<\/span>\n\t\t<\/div>\n\t\t\t\t\t\t<\/div>\n\t\t\t\t<\/div>\n\t\t\t\t\t<\/div>\n\t\t<\/div>\n\t\t\t\t\t<\/div>\n\t\t<\/section>\n\t\t\t\t<section class=\"elementor-section elementor-top-section elementor-element elementor-element-04645f4 elementor-section-boxed elementor-section-height-default elementor-section-height-default\" data-id=\"04645f4\" data-element_type=\"section\" data-e-type=\"section\">\n\t\t\t\t\t\t<div class=\"elementor-container elementor-column-gap-no\">\n\t\t\t\t\t<div class=\"elementor-column elementor-col-100 elementor-top-column elementor-element elementor-element-ed58b68\" data-id=\"ed58b68\" data-element_type=\"column\" data-e-type=\"column\">\n\t\t\t<div class=\"elementor-widget-wrap elementor-element-populated\">\n\t\t\t\t<!-- dce invisible element 2d6ce78 -->\t\t<div class=\"elementor-element elementor-element-8d122e9 e-my-account-tabs-horizontal elementor-widget elementor-widget-woocommerce-my-account\" data-id=\"8d122e9\" data-element_type=\"widget\" data-e-type=\"widget\" data-widget_type=\"woocommerce-my-account.default\">\n\t\t\t\t<div class=\"elementor-widget-container\">\n\t\t\t\t\t<div class=\"e-my-account-tab e-my-account-tab__ \">\t\t\t<div class=\"woocommerce\"><\/div>\t\t<\/div>\n\t\t\t\t\t\t<\/div>\n\t\t\t\t<\/div>\n\t\t\t\t\t<\/div>\n\t\t<\/div>\n\t\t\t\t\t<\/div>\n\t\t<\/section>\n\t\t\t\t<\/div>\n\t\t","protected":false},"excerpt":{"rendered":"<p>Minha Conta Endere\u00e7os Pedidos Sair Painel Pedidos Downloads Endere\u00e7os Detalhes da Conta Sair Painel Pedidos Downloads Endere\u00e7os Detalhes da Conta Sair Ol\u00e1, Ricardo Ivanov (n\u00e3o \u00e9 Ricardo Ivanov? Sair) A partir do painel de controle de sua conta, voc\u00ea pode ver suas compras recentes, gerenciar seus endere\u00e7os de entrega e faturamento, e editar sua senha [&hellip;]<\/p>\n","protected":false},"author":1,"featured_media":0,"parent":0,"menu_order":0,"comment_status":"closed","ping_status":"closed","template":"elementor_header_footer","meta":{"footnotes":""},"class_list":["post-27","page","type-page","status-publish","hentry"],"_links":{"self":[{"href":"https:\/\/projetos.ricardoivanov.com.br\/tektech\/wp-json\/wp\/v2\/pages\/27","targetHints":{"allow":["GET"]}}],"collection":[{"href":"https:\/\/projetos.ricardoivanov.com.br\/tektech\/wp-json\/wp\/v2\/pages"}],"about":[{"href":"https:\/\/projetos.ricardoivanov.com.br\/tektech\/wp-json\/wp\/v2\/types\/page"}],"author":[{"embeddable":true,"href":"https:\/\/projetos.ricardoivanov.com.br\/tektech\/wp-json\/wp\/v2\/users\/1"}],"replies":[{"embeddable":true,"href":"https:\/\/projetos.ricardoivanov.com.br\/tektech\/wp-json\/wp\/v2\/comments?post=27"}],"version-history":[{"count":0,"href":"https:\/\/projetos.ricardoivanov.com.br\/tektech\/wp-json\/wp\/v2\/pages\/27\/revisions"}],"wp:attachment":[{"href":"https:\/\/projetos.ricardoivanov.com.br\/tektech\/wp-json\/wp\/v2\/media?parent=27"}],"curies":[{"name":"wp","href":"https:\/\/api.w.org\/{rel}","templated":true}]}}